{"id":61,"date":"2023-07-07T13:17:31","date_gmt":"2023-07-07T13:17:31","guid":{"rendered":"https:\/\/publicmediagmbh.de\/?page_id=61"},"modified":"2023-10-28T10:17:45","modified_gmt":"2023-10-28T10:17:45","slug":"blog","status":"publish","type":"page","link":"https:\/\/publicmediagmbh.de\/en\/blog\/","title":{"rendered":"Blog"},"content":{"rendered":"<p>[et_pb_section fb_built=&#8220;1&#8243; _builder_version=&#8220;4.23&#8243; _module_preset=&#8220;default&#8220; background_size=&#8220;initial&#8220; width=&#8220;100%&#8220; max_width=&#8220;80%&#8220; module_alignment=&#8220;center&#8220; custom_padding=&#8220;6px||1px|||&#8220; hover_enabled=&#8220;0&#8243; border_width_bottom=&#8220;1px&#8220; global_colors_info=&#8220;{}&#8220; background_enable_image=&#8220;off&#8220; title_text=&#8220;Hans Kexel Logo (1)&#8220; sticky_enabled=&#8220;0&#8243;][et_pb_row column_structure=&#8220;1_2,1_2&#8243; _builder_version=&#8220;4.21.0&#8243; _module_preset=&#8220;default&#8220; width=&#8220;99%&#8220; custom_padding=&#8220;||6px|||&#8220; global_colors_info=&#8220;{}&#8220;][et_pb_column type=&#8220;1_2&#8243; _builder_version=&#8220;4.21.0&#8243; _module_preset=&#8220;default&#8220; hover_enabled=&#8220;0&#8243; global_colors_info=&#8220;{}&#8220; sticky_enabled=&#8220;0&#8243;][et_pb_text _builder_version=&#8220;4.23&#8243; _module_preset=&#8220;default&#8220; text_font=&#8220;poli_new_light|300|||||||&#8220; text_font_size=&#8220;16px&#8220; text_line_height=&#8220;2em&#8220; header_4_font=&#8220;|300|||||||&#8220; text_orientation=&#8220;right&#8220; custom_margin=&#8220;|||4px|false|false&#8220; custom_padding=&#8220;|13px||0px|false|false&#8220; hover_enabled=&#8220;0&#8243; global_colors_info=&#8220;{}&#8220; sticky_enabled=&#8220;0&#8243;]<\/p>\n<p><span>Willkommen zu <strong>&#8218;Erfolg im Gleichgewicht&#8216;<\/strong> \u2013 Ihr Online-Leitfaden f\u00fcr exzellente Unternehmensstrategien, effektives Change Management und optimales Zeitmanagement. Hier entdecken Sie, wie man ein erfolgreiches Unternehmen f\u00fchrt und gleichzeitig ein gesundes, ausgeglichenes Leben f\u00fchrt. Wir bringen neue Perspektiven auf Work-Life-Balance und Gesundheit f\u00fcr F\u00fchrungskr\u00e4fte. Lassen Sie sich von uns inspirieren und navigieren Sie durch die Herausforderungen der modernen Gesch\u00e4ftswelt mit Vertrauen und Gelassenheit. Denn Erfolg ist nicht nur eine Frage der Strategie, sondern auch der Balance.<\/span><\/p>\n<p>[\/et_pb_text][\/et_pb_column][et_pb_column type=&#8220;1_2&#8243; _builder_version=&#8220;4.21.0&#8243; _module_preset=&#8220;default&#8220; global_colors_info=&#8220;{}&#8220;][et_pb_text _builder_version=&#8220;4.23&#8243; _module_preset=&#8220;default&#8220; text_font=&#8220;|600|||||||&#8220; text_line_height=&#8220;2em&#8220; header_font=&#8220;poli_new|600|||||||&#8220; header_font_size=&#8220;60px&#8220; header_line_height=&#8220;1.3em&#8220; hover_enabled=&#8220;0&#8243; global_colors_info=&#8220;{}&#8220; sticky_enabled=&#8220;0&#8243; header_text_color=&#8220;#2BC4A9&#8243;]<\/p>\n<h1>Erfolg im Gleichgewicht<\/h1>\n<p>[\/et_pb_text][\/et_pb_column][\/et_pb_row][\/et_pb_section][et_pb_section fb_built=&#8220;1&#8243; _builder_version=&#8220;4.21.0&#8243; _module_preset=&#8220;default&#8220; custom_padding=&#8220;9px|||||&#8220; global_colors_info=&#8220;{}&#8220;][et_pb_row use_custom_gutter=&#8220;on&#8220; gutter_width=&#8220;2&#8243; _builder_version=&#8220;4.21.0&#8243; _module_preset=&#8220;default&#8220; width=&#8220;81%&#8220; max_width=&#8220;1500px&#8220; module_alignment=&#8220;center&#8220; custom_margin=&#8220;22px|auto||auto||&#8220; hover_enabled=&#8220;0&#8243; global_colors_info=&#8220;{}&#8220; sticky_enabled=&#8220;0&#8243;][et_pb_column type=&#8220;4_4&#8243; _builder_version=&#8220;4.21.0&#8243; _module_preset=&#8220;default&#8220; global_colors_info=&#8220;{}&#8220;][et_pb_blog fullwidth=&#8220;off&#8220; include_categories=&#8220;all,13&#8243; show_more=&#8220;on&#8220; show_excerpt=&#8220;off&#8220; show_pagination=&#8220;off&#8220; _builder_version=&#8220;4.23&#8243; _module_preset=&#8220;default&#8220; header_font=&#8220;poli_new||||||||&#8220; header_font_size=&#8220;17px&#8220; header_line_height=&#8220;1.4em&#8220; body_font=&#8220;|300|||||||&#8220; meta_font=&#8220;poli_new_light|300|||||||&#8220; meta_text_color=&#8220;#000000&#8243; read_more_font=&#8220;|700|||||||&#8220; read_more_font_size=&#8220;13px&#8220; pagination_text_color=&#8220;#FFBD58&#8243; module_alignment=&#8220;center&#8220; min_height=&#8220;1000px&#8220; height=&#8220;1000px&#8220; max_height=&#8220;1000px&#8220; custom_padding=&#8220;|||0px|false|false&#8220; hover_enabled=&#8220;0&#8243; border_style_all_image=&#8220;dashed&#8220; box_shadow_style=&#8220;preset2&#8243; box_shadow_horizontal=&#8220;5px&#8220; global_colors_info=&#8220;{}&#8220; header_level=&#8220;h1&#8243; header_text_color=&#8220;#0a0000&#8243; meta_font_size=&#8220;13px&#8220; read_more_text_color=&#8220;#2BC4A9&#8243; sticky_enabled=&#8220;0&#8243;][\/et_pb_blog][\/et_pb_column][\/et_pb_row][\/et_pb_section]<\/p>\n","protected":false},"excerpt":{"rendered":"<p>Willkommen zu &#8218;Erfolg im Gleichgewicht&#8216; \u2013 Ihr Online-Leitfaden f\u00fcr exzellente Unternehmensstrategien, effektives Change Management und optimales Zeitmanagement. Hier entdecken Sie, wie man ein erfolgreiches Unternehmen f\u00fchrt und gleichzeitig ein gesundes, ausgeglichenes Leben f\u00fchrt. Wir bringen neue Perspektiven auf Work-Life-Balance und Gesundheit f\u00fcr F\u00fchrungskr\u00e4fte. Lassen Sie sich von uns inspirieren und navigieren Sie durch die Herausforderungen [&hellip;]<\/p>\n","protected":false},"author":1,"featured_media":0,"parent":0,"menu_order":0,"comment_status":"closed","ping_status":"closed","template":"","meta":{"_et_pb_use_builder":"on","_et_pb_old_content":"<!-- wp:divi\/placeholder \/-->","_et_gb_content_width":"","_themeisle_gutenberg_block_has_review":false,"footnotes":""},"class_list":["post-61","page","type-page","status-publish","hentry"],"yoast_head":"<!-- This site is optimized with the Yoast SEO plugin v27.3 - https:\/\/yoast.com\/product\/yoast-seo-wordpress\/ -->\n<title>Blog - Shaping Strategy<\/title>\n<meta name=\"robots\" content=\"index, follow, max-snippet:-1, max-image-preview:large, max-video-preview:-1\" \/>\n<link rel=\"canonical\" href=\"https:\/\/publicmediagmbh.de\/en\/blog\/\" \/>\n<meta property=\"og:locale\" content=\"en_US\" \/>\n<meta property=\"og:type\" content=\"article\" \/>\n<meta property=\"og:title\" content=\"Blog - Shaping Strategy\" \/>\n<meta property=\"og:description\" content=\"Willkommen zu &#039;Erfolg im Gleichgewicht&#039; \u2013 Ihr Online-Leitfaden f\u00fcr exzellente Unternehmensstrategien, effektives Change Management und optimales Zeitmanagement. Hier entdecken Sie, wie man ein erfolgreiches Unternehmen f\u00fchrt und gleichzeitig ein gesundes, ausgeglichenes Leben f\u00fchrt. Wir bringen neue Perspektiven auf Work-Life-Balance und Gesundheit f\u00fcr F\u00fchrungskr\u00e4fte. Lassen Sie sich von uns inspirieren und navigieren Sie durch die Herausforderungen [&hellip;]\" \/>\n<meta property=\"og:url\" content=\"https:\/\/publicmediagmbh.de\/en\/blog\/\" \/>\n<meta property=\"og:site_name\" content=\"Shaping Strategy\" \/>\n<meta property=\"article:publisher\" content=\"https:\/\/www.facebook.com\/ShapingStrategy\/\" \/>\n<meta property=\"article:modified_time\" content=\"2023-10-28T10:17:45+00:00\" \/>\n<meta name=\"twitter:card\" content=\"summary_large_image\" \/>\n<meta name=\"twitter:label1\" content=\"Est. reading time\" \/>\n\t<meta name=\"twitter:data1\" content=\"2 minutes\" \/>\n<script type=\"application\/ld+json\" class=\"yoast-schema-graph\">{\"@context\":\"https:\\\/\\\/schema.org\",\"@graph\":[{\"@type\":\"WebPage\",\"@id\":\"https:\\\/\\\/publicmediagmbh.de\\\/blog\\\/\",\"url\":\"https:\\\/\\\/publicmediagmbh.de\\\/blog\\\/\",\"name\":\"Blog - Shaping Strategy\",\"isPartOf\":{\"@id\":\"https:\\\/\\\/publicmediagmbh.de\\\/#website\"},\"datePublished\":\"2023-07-07T13:17:31+00:00\",\"dateModified\":\"2023-10-28T10:17:45+00:00\",\"breadcrumb\":{\"@id\":\"https:\\\/\\\/publicmediagmbh.de\\\/blog\\\/#breadcrumb\"},\"inLanguage\":\"en-US\",\"potentialAction\":[{\"@type\":\"ReadAction\",\"target\":[\"https:\\\/\\\/publicmediagmbh.de\\\/blog\\\/\"]}]},{\"@type\":\"BreadcrumbList\",\"@id\":\"https:\\\/\\\/publicmediagmbh.de\\\/blog\\\/#breadcrumb\",\"itemListElement\":[{\"@type\":\"ListItem\",\"position\":1,\"name\":\"Home\",\"item\":\"https:\\\/\\\/publicmediagmbh.de\\\/\"},{\"@type\":\"ListItem\",\"position\":2,\"name\":\"Blog\"}]},{\"@type\":\"WebSite\",\"@id\":\"https:\\\/\\\/publicmediagmbh.de\\\/#website\",\"url\":\"https:\\\/\\\/publicmediagmbh.de\\\/\",\"name\":\"Shaping Strategy\",\"description\":\"Individuelle L&ouml;sungen f&uuml;r Unternehmen.\",\"publisher\":{\"@id\":\"https:\\\/\\\/publicmediagmbh.de\\\/#organization\"},\"potentialAction\":[{\"@type\":\"SearchAction\",\"target\":{\"@type\":\"EntryPoint\",\"urlTemplate\":\"https:\\\/\\\/publicmediagmbh.de\\\/?s={search_term_string}\"},\"query-input\":{\"@type\":\"PropertyValueSpecification\",\"valueRequired\":true,\"valueName\":\"search_term_string\"}}],\"inLanguage\":\"en-US\"},{\"@type\":\"Organization\",\"@id\":\"https:\\\/\\\/publicmediagmbh.de\\\/#organization\",\"name\":\"Shaping Strategy\",\"url\":\"https:\\\/\\\/publicmediagmbh.de\\\/\",\"logo\":{\"@type\":\"ImageObject\",\"inLanguage\":\"en-US\",\"@id\":\"https:\\\/\\\/publicmediagmbh.de\\\/#\\\/schema\\\/logo\\\/image\\\/\",\"url\":\"https:\\/\\/publicmediagmbh.de\\/wp-content\\/uploads\\/2023\\/07\\/Logo-Shaping-Strategy-500-\u00d7-80-px-1.png\",\"contentUrl\":\"https:\\/\\/publicmediagmbh.de\\/wp-content\\/uploads\\/2023\\/07\\/Logo-Shaping-Strategy-500-\u00d7-80-px-1.png\",\"width\":500,\"height\":70,\"caption\":\"Shaping Strategy\"},\"image\":{\"@id\":\"https:\\\/\\\/publicmediagmbh.de\\\/#\\\/schema\\\/logo\\\/image\\\/\"},\"sameAs\":[\"https:\\\/\\\/www.facebook.com\\\/ShapingStrategy\\\/\",\"https:\\\/\\\/www.linkedin.com\\\/in\\\/hans-kexel-shapingstrategy\\\/\",\"https:\\\/\\\/www.linkedin.com\\\/company\\\/shaping-strategy\"]}]}<\/script>\n<!-- \/ Yoast SEO plugin. -->","yoast_head_json":{"title":"Blog - Shaping Strategy","robots":{"index":"index","follow":"follow","max-snippet":"max-snippet:-1","max-image-preview":"max-image-preview:large","max-video-preview":"max-video-preview:-1"},"canonical":"https:\/\/publicmediagmbh.de\/en\/blog\/","og_locale":"en_US","og_type":"article","og_title":"Blog - Shaping Strategy","og_description":"Willkommen zu 'Erfolg im Gleichgewicht' \u2013 Ihr Online-Leitfaden f\u00fcr exzellente Unternehmensstrategien, effektives Change Management und optimales Zeitmanagement. Hier entdecken Sie, wie man ein erfolgreiches Unternehmen f\u00fchrt und gleichzeitig ein gesundes, ausgeglichenes Leben f\u00fchrt. Wir bringen neue Perspektiven auf Work-Life-Balance und Gesundheit f\u00fcr F\u00fchrungskr\u00e4fte. Lassen Sie sich von uns inspirieren und navigieren Sie durch die Herausforderungen [&hellip;]","og_url":"https:\/\/publicmediagmbh.de\/en\/blog\/","og_site_name":"Shaping Strategy","article_publisher":"https:\/\/www.facebook.com\/ShapingStrategy\/","article_modified_time":"2023-10-28T10:17:45+00:00","twitter_card":"summary_large_image","twitter_misc":{"Est. reading time":"2 minutes"},"schema":{"@context":"https:\/\/schema.org","@graph":[{"@type":"WebPage","@id":"https:\/\/publicmediagmbh.de\/blog\/","url":"https:\/\/publicmediagmbh.de\/blog\/","name":"Blog - Shaping Strategy","isPartOf":{"@id":"https:\/\/publicmediagmbh.de\/#website"},"datePublished":"2023-07-07T13:17:31+00:00","dateModified":"2023-10-28T10:17:45+00:00","breadcrumb":{"@id":"https:\/\/publicmediagmbh.de\/blog\/#breadcrumb"},"inLanguage":"en-US","potentialAction":[{"@type":"ReadAction","target":["https:\/\/publicmediagmbh.de\/blog\/"]}]},{"@type":"BreadcrumbList","@id":"https:\/\/publicmediagmbh.de\/blog\/#breadcrumb","itemListElement":[{"@type":"ListItem","position":1,"name":"Home","item":"https:\/\/publicmediagmbh.de\/"},{"@type":"ListItem","position":2,"name":"Blog"}]},{"@type":"WebSite","@id":"https:\/\/publicmediagmbh.de\/#website","url":"https:\/\/publicmediagmbh.de\/","name":"Shaping Strategy","description":"Individual solutions for companies.","publisher":{"@id":"https:\/\/publicmediagmbh.de\/#organization"},"potentialAction":[{"@type":"SearchAction","target":{"@type":"EntryPoint","urlTemplate":"https:\/\/publicmediagmbh.de\/?s={search_term_string}"},"query-input":{"@type":"PropertyValueSpecification","valueRequired":true,"valueName":"search_term_string"}}],"inLanguage":"en-US"},{"@type":"Organization","@id":"https:\/\/publicmediagmbh.de\/#organization","name":"Shaping Strategy","url":"https:\/\/publicmediagmbh.de\/","logo":{"@type":"ImageObject","inLanguage":"en-US","@id":"https:\/\/publicmediagmbh.de\/#\/schema\/logo\/image\/","url":"https:\/\/mludomnvuuqf.i.optimole.com\/w:auto\/h:auto\/q:mauto\/f:best\/https:\/\/publicmediagmbh.de\/wp-content\/uploads\/2023\/07\/Logo-Shaping-Strategy-500-×-80-px-1.png","contentUrl":"https:\/\/mludomnvuuqf.i.optimole.com\/w:auto\/h:auto\/q:mauto\/f:best\/https:\/\/publicmediagmbh.de\/wp-content\/uploads\/2023\/07\/Logo-Shaping-Strategy-500-×-80-px-1.png","width":500,"height":70,"caption":"Shaping Strategy"},"image":{"@id":"https:\/\/publicmediagmbh.de\/#\/schema\/logo\/image\/"},"sameAs":["https:\/\/www.facebook.com\/ShapingStrategy\/","https:\/\/www.linkedin.com\/in\/hans-kexel-shapingstrategy\/","https:\/\/www.linkedin.com\/company\/shaping-strategy"]}]}},"_links":{"self":[{"href":"https:\/\/publicmediagmbh.de\/en\/wp-json\/wp\/v2\/pages\/61","targetHints":{"allow":["GET"]}}],"collection":[{"href":"https:\/\/publicmediagmbh.de\/en\/wp-json\/wp\/v2\/pages"}],"about":[{"href":"https:\/\/publicmediagmbh.de\/en\/wp-json\/wp\/v2\/types\/page"}],"author":[{"embeddable":true,"href":"https:\/\/publicmediagmbh.de\/en\/wp-json\/wp\/v2\/users\/1"}],"replies":[{"embeddable":true,"href":"https:\/\/publicmediagmbh.de\/en\/wp-json\/wp\/v2\/comments?post=61"}],"version-history":[{"count":22,"href":"https:\/\/publicmediagmbh.de\/en\/wp-json\/wp\/v2\/pages\/61\/revisions"}],"predecessor-version":[{"id":599,"href":"https:\/\/publicmediagmbh.de\/en\/wp-json\/wp\/v2\/pages\/61\/revisions\/599"}],"wp:attachment":[{"href":"https:\/\/publicmediagmbh.de\/en\/wp-json\/wp\/v2\/media?parent=61"}],"curies":[{"name":"wp","href":"https:\/\/api.w.org\/{rel}","templated":true}]}}