{"id":67,"date":"2023-07-07T13:20:53","date_gmt":"2023-07-07T13:20:53","guid":{"rendered":"https:\/\/publicmediagmbh.de\/?page_id=67"},"modified":"2024-08-13T13:16:21","modified_gmt":"2024-08-13T13:16:21","slug":"ueber-mich","status":"publish","type":"page","link":"https:\/\/publicmediagmbh.de\/en\/ueber-mich\/","title":{"rendered":"About me"},"content":{"rendered":"<p>[et_pb_section fb_built=&#8220;1&#8243; _builder_version=&#8220;4.21.0&#8243; _module_preset=&#8220;default&#8220; custom_padding=&#8220;||13px|||&#8220; global_colors_info=&#8220;{}&#8220;][et_pb_row column_structure=&#8220;1_3,2_3&#8243; _builder_version=&#8220;4.21.0&#8243; _module_preset=&#8220;default&#8220; global_colors_info=&#8220;{}&#8220;][et_pb_column type=&#8220;1_3&#8243; _builder_version=&#8220;4.21.0&#8243; _module_preset=&#8220;default&#8220; global_colors_info=&#8220;{}&#8220;][et_pb_image src=&#8220;https:\/\/mludomnvuuqf.i.optimole.com\/w:auto\/h:auto\/q:mauto\/f:best\/https:\/\/publicmediagmbh.de\/wp-content\/uploads\/2023\/07\/Stephan_business_photo.png&#8220; alt=&#8220;Hans Kexel&#8220; title_text=&#8220;Hans Kexel_business_photo&#8220; _builder_version=&#8220;4.21.0&#8243; _module_preset=&#8220;default&#8220; transform_translate=&#8220;22px|-10px&#8220; width=&#8220;100%&#8220; border_radii=&#8220;on|19px|19px|19px|19px&#8220; global_colors_info=&#8220;{}&#8220;][\/et_pb_image][et_pb_blurb _builder_version=&#8220;4.23.1&#8243; _module_preset=&#8220;default&#8220; header_font=&#8220;poli_new_light||||||||&#8220; header_text_align=&#8220;left&#8220; body_font=&#8220;poli_new_light||||||||&#8220; body_line_height=&#8220;1.4em&#8220; text_orientation=&#8220;justified&#8220; custom_margin=&#8220;0px||||false|false&#8220; custom_padding=&#8220;0px|0px||20px|false|false&#8220; global_colors_info=&#8220;{}&#8220;]<\/p>\n<p><span>Als kleine Unternehmensberatung legen ich Wert auf Qualit\u00e4t statt Quantit\u00e4t. Mein bewusst kleines Kundenportfolio erm\u00f6glicht uns eine intensiv fokussierte und pers\u00f6nliche Zusammenarbeit. Wir nehmen uns die Zeit, jedes Detail Ihres Unternehmens zu verstehen und individuelle, passgenaue Strategien zu entwickeln. Bei Bedarf greifen ich auf ein umfangreiches Netzwerk von Spezialisten zur\u00fcck, um Ihnen stets die bestm\u00f6gliche Beratung zu bieten. Mit mir an Ihrer Seite erhalten Sie eine ma\u00dfgeschneiderte Betreuung, die den Unterschied ausmacht.<\/span><\/p>\n<p>[\/et_pb_blurb][\/et_pb_column][et_pb_column type=&#8220;2_3&#8243; _builder_version=&#8220;4.21.0&#8243; _module_preset=&#8220;default&#8220; global_colors_info=&#8220;{}&#8220;][dnxte_blurb blurb_heading=&#8220;\u00dcber mich&#8220; blurb_description=&#8220;<\/p>\n<p>Mein Name ist <strong>Stephan Kexel<\/strong>. Mit mehr als 35 Jahren Erfahrung in der Gesch\u00e4ftswelt, in Start-Ups und gro\u00dfen Unternehmen, habe ich als Firmengr\u00fcnder, CEO, Chief Sales Officer und CMO in verschiedensten Branchen gearbeitet. Heute bringe ich diese umfassende Erfahrung und Expertise als Business Coach und Berater in einen ganzheitlichen Ansatz ein.<\/p>\n<p>&#8220; dnxt_use_icon=&#8220;on&#8220; dnxt_font_icon=&#8220;&#xe108;||divi||400&#8243; font_icon_placement=&#8220;dnxt-blurb-wrapper-two-left-top&#8220; font_icon_color=&#8220;#0f0000&#8243; dnxt_icon_padding=&#8220;0px|25px|||false|false&#8220; _builder_version=&#8220;4.25.2&#8243; _module_preset=&#8220;default&#8220; dnxt_pre_header_font=&#8220;poli_new|700|||||||&#8220; dnxt_pre_header_text_color=&#8220;#0a0202&#8243; dnxt_pre_header_font_size=&#8220;1px&#8220; dnxt_body_font=&#8220;poli_new_light||||||||&#8220; dnxt_btn_text_text_color=&#8220;#160000&#8243; hover_enabled=&#8220;0&#8243; global_colors_info=&#8220;{}&#8220; sticky_enabled=&#8220;0&#8243;][\/dnxte_blurb][dnxte_blurb blurb_heading=&#8220;Mein Weg&#8220; blurb_description=&#8220;<\/p>\n<p><span>Meine Laufbahn begann vor \u00fcber 35 Jahren mit der Gr\u00fcndung eines erfolgreichen Start-Ups, welches ich innerhalb von zwei Jahren verkaufte. Danach trug ich als Chief Sales Officer in einer gr\u00f6\u00dferen Organisation dazu bei, den Umsatz signifikant zu steigern. Durch diese vielf\u00e4ltigen Rollen habe ich meine F\u00e4higkeiten und Kenntnisse in Leadership, Unternehmensstrategie, Marketing und Vertrieb stetig erweitert.<\/span><\/p>\n<p>&#8220; font_icon_color=&#8220;#2bc4a9&#8243; dnxt_icon_padding=&#8220;0px|25px|||false|false&#8220; _builder_version=&#8220;4.23.1&#8243; _module_preset=&#8220;default&#8220; dnxt_pre_header_font=&#8220;poli_new|700|||||||&#8220; dnxt_pre_header_text_color=&#8220;#0a0202&#8243; dnxt_pre_header_font_size=&#8220;1px&#8220; dnxt_body_font=&#8220;poli_new_light||||||||&#8220; dnxt_btn_text_text_color=&#8220;#160000&#8243; global_colors_info=&#8220;{}&#8220;][\/dnxte_blurb][dnxte_blurb blurb_heading=&#8220;Meine \u00dcberzeugung&#8220; blurb_description=&#8220;<\/p>\n<p><span>Ich glaube fest daran, dass jeder Mensch und jedes Unternehmen das Potenzial zum Erfolg hat. Meine Aufgabe ist es, dieses Potenzial gemeinsam mit meinen Klienten zu entfalten. Dabei stehen stets Vertraulichkeit und Integrit\u00e4t im Mittelpunkt meiner Arbeit.<\/span><\/p>\n<p>&#8220; font_icon_color=&#8220;#2bc4a9&#8243; dnxt_icon_padding=&#8220;0px|25px|||false|false&#8220; _builder_version=&#8220;4.23.1&#8243; _module_preset=&#8220;default&#8220; dnxt_pre_header_font=&#8220;poli_new|700|||||||&#8220; dnxt_pre_header_text_color=&#8220;#0a0202&#8243; dnxt_pre_header_font_size=&#8220;1px&#8220; dnxt_body_font=&#8220;poli_new_light||||||||&#8220; dnxt_btn_text_text_color=&#8220;#160000&#8243; global_colors_info=&#8220;{}&#8220;][\/dnxte_blurb][dnxte_blurb blurb_heading=&#8220;Meine Expertise&#8220; blurb_description=&#8220;<\/p>\n<p><span>Besondere Schwerpunkte meiner Arbeit liegen im Change Management und der internationalen Gesch\u00e4ftsentwicklung. Durch Erfahrungen in verschiedenen L\u00e4ndern und Kulturen, darunter Japan, USA und andere asiatischen L\u00e4nder, habe ich gelernt, komplexe Herausforderungen in unterschiedlichen Gesch\u00e4ftsumfeldern zu meistern.<\/span><\/p>\n<p>&#8220; font_icon_color=&#8220;#2bc4a9&#8243; dnxt_icon_padding=&#8220;0px|25px|||false|false&#8220; _builder_version=&#8220;4.23.1&#8243; _module_preset=&#8220;default&#8220; dnxt_pre_header_font=&#8220;poli_new|700|||||||&#8220; dnxt_pre_header_text_color=&#8220;#0a0202&#8243; dnxt_pre_header_font_size=&#8220;1px&#8220; dnxt_body_font=&#8220;poli_new_light||||||||&#8220; dnxt_btn_text_text_color=&#8220;#160000&#8243; global_colors_info=&#8220;{}&#8220;][\/dnxte_blurb][dnxte_blurb blurb_heading=&#8220;Ihre M\u00f6glichkeit&#8220; blurb_description=&#8220;<\/p>\n<p><span>Wenn Sie Unterst\u00fctzung bei der Verbesserung Ihrer F\u00e4higkeiten, Effizienz und Ergebnisse ben\u00f6tigen, freue ich mich auf unsere Zusammenarbeit. Gemeinsam k\u00f6nnen wir Ihre Ziele erreichen und das volle Potenzial Ihres Unternehmens aussch\u00f6pfen. <a href=%22https:\/\/publicmediagmbh.de\/kontakt\/%22>Kontaktieren Sie mich<\/a>, um mehr \u00fcber meine Leistungen und meine Arbeitsweise zu erfahren.<\/span><\/p>\n<p>&#8220; font_icon_color=&#8220;#2bc4a9&#8243; dnxt_icon_padding=&#8220;0px|25px|||false|false&#8220; _builder_version=&#8220;4.23.1&#8243; _module_preset=&#8220;default&#8220; dnxt_pre_header_font=&#8220;poli_new|700|||||||&#8220; dnxt_pre_header_text_color=&#8220;#0a0202&#8243; dnxt_pre_header_font_size=&#8220;1px&#8220; dnxt_body_font=&#8220;poli_new_light||||||||&#8220; dnxt_btn_text_text_color=&#8220;#160000&#8243; global_colors_info=&#8220;{}&#8220;][\/dnxte_blurb][\/et_pb_column][\/et_pb_row][\/et_pb_section][et_pb_section fb_built=&#8220;1&#8243; _builder_version=&#8220;4.21.0&#8243; _module_preset=&#8220;default&#8220; custom_padding=&#8220;12px|||||&#8220; global_colors_info=&#8220;{}&#8220;][\/et_pb_section]<\/p>\n","protected":false},"excerpt":{"rendered":"<p>Als kleine Unternehmensberatung legen ich Wert auf Qualit\u00e4t statt Quantit\u00e4t. Mein bewusst kleines Kundenportfolio erm\u00f6glicht uns eine intensiv fokussierte und pers\u00f6nliche Zusammenarbeit. Wir nehmen uns die Zeit, jedes Detail Ihres Unternehmens zu verstehen und individuelle, passgenaue Strategien zu entwickeln. Bei Bedarf greifen ich auf ein umfangreiches Netzwerk von Spezialisten zur\u00fcck, um Ihnen stets die bestm\u00f6gliche [&hellip;]<\/p>\n","protected":false},"author":2,"featured_media":0,"parent":0,"menu_order":0,"comment_status":"closed","ping_status":"closed","template":"","meta":{"_et_pb_use_builder":"on","_et_pb_old_content":"","_et_gb_content_width":"1400","_themeisle_gutenberg_block_has_review":false,"footnotes":""},"class_list":["post-67","page","type-page","status-publish","hentry"],"yoast_head":"<!-- This site is optimized with the Yoast SEO plugin v27.4 - https:\/\/yoast.com\/product\/yoast-seo-wordpress\/ -->\n<title>\u00dcber mich - Shaping Strategy<\/title>\n<meta name=\"robots\" content=\"index, follow, max-snippet:-1, max-image-preview:large, max-video-preview:-1\" \/>\n<link rel=\"canonical\" href=\"https:\/\/publicmediagmbh.de\/en\/ueber-mich\/\" \/>\n<meta property=\"og:locale\" content=\"en_US\" \/>\n<meta property=\"og:type\" content=\"article\" \/>\n<meta property=\"og:title\" content=\"\u00dcber mich - Shaping Strategy\" \/>\n<meta property=\"og:description\" content=\"Als kleine Unternehmensberatung legen ich Wert auf Qualit\u00e4t statt Quantit\u00e4t. Mein bewusst kleines Kundenportfolio erm\u00f6glicht uns eine intensiv fokussierte und pers\u00f6nliche Zusammenarbeit. Wir nehmen uns die Zeit, jedes Detail Ihres Unternehmens zu verstehen und individuelle, passgenaue Strategien zu entwickeln. Bei Bedarf greifen ich auf ein umfangreiches Netzwerk von Spezialisten zur\u00fcck, um Ihnen stets die bestm\u00f6gliche [&hellip;]\" \/>\n<meta property=\"og:url\" content=\"https:\/\/publicmediagmbh.de\/en\/ueber-mich\/\" \/>\n<meta property=\"og:site_name\" content=\"Shaping Strategy\" \/>\n<meta property=\"article:publisher\" content=\"https:\/\/www.facebook.com\/ShapingStrategy\/\" \/>\n<meta property=\"article:modified_time\" content=\"2024-08-13T13:16:21+00:00\" \/>\n<meta name=\"twitter:card\" content=\"summary_large_image\" \/>\n<meta name=\"twitter:label1\" content=\"Est. reading time\" \/>\n\t<meta name=\"twitter:data1\" content=\"4 minutes\" \/>\n<script type=\"application\/ld+json\" class=\"yoast-schema-graph\">{\"@context\":\"https:\\\/\\\/schema.org\",\"@graph\":[{\"@type\":\"WebPage\",\"@id\":\"https:\\\/\\\/publicmediagmbh.de\\\/ueber-mich\\\/\",\"url\":\"https:\\\/\\\/publicmediagmbh.de\\\/ueber-mich\\\/\",\"name\":\"\u00dcber mich - Shaping Strategy\",\"isPartOf\":{\"@id\":\"https:\\\/\\\/publicmediagmbh.de\\\/#website\"},\"datePublished\":\"2023-07-07T13:20:53+00:00\",\"dateModified\":\"2024-08-13T13:16:21+00:00\",\"breadcrumb\":{\"@id\":\"https:\\\/\\\/publicmediagmbh.de\\\/ueber-mich\\\/#breadcrumb\"},\"inLanguage\":\"en-US\",\"potentialAction\":[{\"@type\":\"ReadAction\",\"target\":[\"https:\\\/\\\/publicmediagmbh.de\\\/ueber-mich\\\/\"]}]},{\"@type\":\"BreadcrumbList\",\"@id\":\"https:\\\/\\\/publicmediagmbh.de\\\/ueber-mich\\\/#breadcrumb\",\"itemListElement\":[{\"@type\":\"ListItem\",\"position\":1,\"name\":\"Home\",\"item\":\"https:\\\/\\\/publicmediagmbh.de\\\/\"},{\"@type\":\"ListItem\",\"position\":2,\"name\":\"\u00dcber mich\"}]},{\"@type\":\"WebSite\",\"@id\":\"https:\\\/\\\/publicmediagmbh.de\\\/#website\",\"url\":\"https:\\\/\\\/publicmediagmbh.de\\\/\",\"name\":\"Shaping Strategy\",\"description\":\"Individuelle L&ouml;sungen f&uuml;r Unternehmen.\",\"publisher\":{\"@id\":\"https:\\\/\\\/publicmediagmbh.de\\\/#organization\"},\"potentialAction\":[{\"@type\":\"SearchAction\",\"target\":{\"@type\":\"EntryPoint\",\"urlTemplate\":\"https:\\\/\\\/publicmediagmbh.de\\\/?s={search_term_string}\"},\"query-input\":{\"@type\":\"PropertyValueSpecification\",\"valueRequired\":true,\"valueName\":\"search_term_string\"}}],\"inLanguage\":\"en-US\"},{\"@type\":\"Organization\",\"@id\":\"https:\\\/\\\/publicmediagmbh.de\\\/#organization\",\"name\":\"Shaping Strategy\",\"url\":\"https:\\\/\\\/publicmediagmbh.de\\\/\",\"logo\":{\"@type\":\"ImageObject\",\"inLanguage\":\"en-US\",\"@id\":\"https:\\\/\\\/publicmediagmbh.de\\\/#\\\/schema\\\/logo\\\/image\\\/\",\"url\":\"https:\\/\\/publicmediagmbh.de\\/wp-content\\/uploads\\/2023\\/07\\/Logo-Shaping-Strategy-500-\u00d7-80-px-1.png\",\"contentUrl\":\"https:\\/\\/publicmediagmbh.de\\/wp-content\\/uploads\\/2023\\/07\\/Logo-Shaping-Strategy-500-\u00d7-80-px-1.png\",\"width\":500,\"height\":70,\"caption\":\"Shaping Strategy\"},\"image\":{\"@id\":\"https:\\\/\\\/publicmediagmbh.de\\\/#\\\/schema\\\/logo\\\/image\\\/\"},\"sameAs\":[\"https:\\\/\\\/www.facebook.com\\\/ShapingStrategy\\\/\",\"https:\\\/\\\/www.linkedin.com\\\/in\\\/hans-kexel-shapingstrategy\\\/\",\"https:\\\/\\\/www.linkedin.com\\\/company\\\/shaping-strategy\"]}]}<\/script>\n<!-- \/ Yoast SEO plugin. -->","yoast_head_json":{"title":"About me - Shaping Strategy","robots":{"index":"index","follow":"follow","max-snippet":"max-snippet:-1","max-image-preview":"max-image-preview:large","max-video-preview":"max-video-preview:-1"},"canonical":"https:\/\/publicmediagmbh.de\/en\/ueber-mich\/","og_locale":"en_US","og_type":"article","og_title":"\u00dcber mich - Shaping Strategy","og_description":"Als kleine Unternehmensberatung legen ich Wert auf Qualit\u00e4t statt Quantit\u00e4t. Mein bewusst kleines Kundenportfolio erm\u00f6glicht uns eine intensiv fokussierte und pers\u00f6nliche Zusammenarbeit. Wir nehmen uns die Zeit, jedes Detail Ihres Unternehmens zu verstehen und individuelle, passgenaue Strategien zu entwickeln. Bei Bedarf greifen ich auf ein umfangreiches Netzwerk von Spezialisten zur\u00fcck, um Ihnen stets die bestm\u00f6gliche [&hellip;]","og_url":"https:\/\/publicmediagmbh.de\/en\/ueber-mich\/","og_site_name":"Shaping Strategy","article_publisher":"https:\/\/www.facebook.com\/ShapingStrategy\/","article_modified_time":"2024-08-13T13:16:21+00:00","twitter_card":"summary_large_image","twitter_misc":{"Est. reading time":"4 minutes"},"schema":{"@context":"https:\/\/schema.org","@graph":[{"@type":"WebPage","@id":"https:\/\/publicmediagmbh.de\/ueber-mich\/","url":"https:\/\/publicmediagmbh.de\/ueber-mich\/","name":"About me - Shaping Strategy","isPartOf":{"@id":"https:\/\/publicmediagmbh.de\/#website"},"datePublished":"2023-07-07T13:20:53+00:00","dateModified":"2024-08-13T13:16:21+00:00","breadcrumb":{"@id":"https:\/\/publicmediagmbh.de\/ueber-mich\/#breadcrumb"},"inLanguage":"en-US","potentialAction":[{"@type":"ReadAction","target":["https:\/\/publicmediagmbh.de\/ueber-mich\/"]}]},{"@type":"BreadcrumbList","@id":"https:\/\/publicmediagmbh.de\/ueber-mich\/#breadcrumb","itemListElement":[{"@type":"ListItem","position":1,"name":"Home","item":"https:\/\/publicmediagmbh.de\/"},{"@type":"ListItem","position":2,"name":"\u00dcber mich"}]},{"@type":"WebSite","@id":"https:\/\/publicmediagmbh.de\/#website","url":"https:\/\/publicmediagmbh.de\/","name":"Shaping Strategy","description":"Individual solutions for companies.","publisher":{"@id":"https:\/\/publicmediagmbh.de\/#organization"},"potentialAction":[{"@type":"SearchAction","target":{"@type":"EntryPoint","urlTemplate":"https:\/\/publicmediagmbh.de\/?s={search_term_string}"},"query-input":{"@type":"PropertyValueSpecification","valueRequired":true,"valueName":"search_term_string"}}],"inLanguage":"en-US"},{"@type":"Organization","@id":"https:\/\/publicmediagmbh.de\/#organization","name":"Shaping Strategy","url":"https:\/\/publicmediagmbh.de\/","logo":{"@type":"ImageObject","inLanguage":"en-US","@id":"https:\/\/publicmediagmbh.de\/#\/schema\/logo\/image\/","url":"https:\/\/mludomnvuuqf.i.optimole.com\/w:auto\/h:auto\/q:mauto\/f:best\/https:\/\/publicmediagmbh.de\/wp-content\/uploads\/2023\/07\/Logo-Shaping-Strategy-500-×-80-px-1.png","contentUrl":"https:\/\/mludomnvuuqf.i.optimole.com\/w:auto\/h:auto\/q:mauto\/f:best\/https:\/\/publicmediagmbh.de\/wp-content\/uploads\/2023\/07\/Logo-Shaping-Strategy-500-×-80-px-1.png","width":500,"height":70,"caption":"Shaping Strategy"},"image":{"@id":"https:\/\/publicmediagmbh.de\/#\/schema\/logo\/image\/"},"sameAs":["https:\/\/www.facebook.com\/ShapingStrategy\/","https:\/\/www.linkedin.com\/in\/hans-kexel-shapingstrategy\/","https:\/\/www.linkedin.com\/company\/shaping-strategy"]}]}},"_links":{"self":[{"href":"https:\/\/publicmediagmbh.de\/en\/wp-json\/wp\/v2\/pages\/67","targetHints":{"allow":["GET"]}}],"collection":[{"href":"https:\/\/publicmediagmbh.de\/en\/wp-json\/wp\/v2\/pages"}],"about":[{"href":"https:\/\/publicmediagmbh.de\/en\/wp-json\/wp\/v2\/types\/page"}],"author":[{"embeddable":true,"href":"https:\/\/publicmediagmbh.de\/en\/wp-json\/wp\/v2\/users\/2"}],"replies":[{"embeddable":true,"href":"https:\/\/publicmediagmbh.de\/en\/wp-json\/wp\/v2\/comments?post=67"}],"version-history":[{"count":14,"href":"https:\/\/publicmediagmbh.de\/en\/wp-json\/wp\/v2\/pages\/67\/revisions"}],"predecessor-version":[{"id":918,"href":"https:\/\/publicmediagmbh.de\/en\/wp-json\/wp\/v2\/pages\/67\/revisions\/918"}],"wp:attachment":[{"href":"https:\/\/publicmediagmbh.de\/en\/wp-json\/wp\/v2\/media?parent=67"}],"curies":[{"name":"wp","href":"https:\/\/api.w.org\/{rel}","templated":true}]}}