{"id":718,"date":"2023-11-17T14:14:48","date_gmt":"2023-11-17T14:14:48","guid":{"rendered":"https:\/\/publicmediagmbh.de\/?page_id=718"},"modified":"2023-11-17T15:43:14","modified_gmt":"2023-11-17T15:43:14","slug":"digitaler-wandel","status":"publish","type":"page","link":"https:\/\/publicmediagmbh.de\/en\/digitaler-wandel\/","title":{"rendered":"Digital change"},"content":{"rendered":"<p>[et_pb_section fb_built=&#8220;1&#8243; _builder_version=&#8220;4.23.1&#8243; _module_preset=&#8220;default&#8220; custom_padding=&#8220;24px||10px|||&#8220; global_colors_info=&#8220;{}&#8220;][et_pb_row column_structure=&#8220;2_5,3_5&#8243; _builder_version=&#8220;4.23.1&#8243; _module_preset=&#8220;default&#8220; global_colors_info=&#8220;{}&#8220;][et_pb_column type=&#8220;2_5&#8243; _builder_version=&#8220;4.23.1&#8243; _module_preset=&#8220;default&#8220; global_colors_info=&#8220;{}&#8220;][et_pb_image src=&#8220;https:\/\/mludomnvuuqf.i.optimole.com\/w:auto\/h:auto\/q:mauto\/f:best\/https:\/\/publicmediagmbh.de\/wp-content\/uploads\/2023\/11\/Digitale-Wandel.webp&#8220; title_text=&#8220;Digitale Wandel&#8220; _builder_version=&#8220;4.23.1&#8243; _module_preset=&#8220;default&#8220; width=&#8220;63%&#8220; max_width=&#8220;63%&#8220; border_radii=&#8220;on|19px|19px|19px|19px&#8220; global_colors_info=&#8220;{}&#8220;][\/et_pb_image][\/et_pb_column][et_pb_column type=&#8220;3_5&#8243; _builder_version=&#8220;4.23.1&#8243; _module_preset=&#8220;default&#8220; global_colors_info=&#8220;{}&#8220;][et_pb_text _builder_version=&#8220;4.23.1&#8243; _module_preset=&#8220;default&#8220; text_font=&#8220;poli_new_light||||||||&#8220; text_font_size=&#8220;22px&#8220; text_line_height=&#8220;1.8em&#8220; header_font=&#8220;poli_new||||||||&#8220; global_colors_info=&#8220;{}&#8220;]<\/p>\n<h1><span>Digitaler Wandel in Unternehmen<\/span><\/h1>\n<p><span>Der digitale Wandel formt die Gesch\u00e4ftswelt neu und er\u00f6ffnet Unternehmen vielf\u00e4ltige Chancen. Meine Beratung unterst\u00fctzt Sie dabei, diese Herausforderungen erfolgreich zu meistern und die Potenziale der Digitalisierung voll auszusch\u00f6pfen.<\/span><\/p>\n<p>[\/et_pb_text][\/et_pb_column][\/et_pb_row][\/et_pb_section][et_pb_section fb_built=&#8220;1&#8243; _builder_version=&#8220;4.23.1&#8243; _module_preset=&#8220;default&#8220; background_color=&#8220;#2BC4A9&#8243; global_colors_info=&#8220;{}&#8220;][et_pb_row _builder_version=&#8220;4.23.1&#8243; _module_preset=&#8220;default&#8220; global_colors_info=&#8220;{}&#8220;][et_pb_column type=&#8220;4_4&#8243; _builder_version=&#8220;4.23.1&#8243; _module_preset=&#8220;default&#8220; global_colors_info=&#8220;{}&#8220;][et_pb_text _builder_version=&#8220;4.23.1&#8243; _module_preset=&#8220;default&#8220; text_font=&#8220;poli_new||||||||&#8220; text_font_size=&#8220;26px&#8220; hover_enabled=&#8220;0&#8243; sticky_enabled=&#8220;0&#8243;]<\/p>\n<p><span>Mein\u00a0<\/span><span>branchen\u00fcbergreifendes\u00a0<\/span><span>Beratungsangebot:<\/span><\/p>\n<p>[\/et_pb_text][et_pb_accordion _builder_version=&#8220;4.23.1&#8243; _module_preset=&#8220;default&#8220; global_colors_info=&#8220;{}&#8220; open_toggle_background_color=&#8220;#2BC4A9&#8243; closed_toggle_text_color=&#8220;#0a0a0a&#8220; closed_toggle_background_color=&#8220;#62c4b2&#8243; icon_color=&#8220;#140202&#8243; use_icon_font_size=&#8220;on&#8220; icon_font_size=&#8220;34px&#8220; toggle_font=&#8220;poli_new||||||||&#8220; toggle_font_size=&#8220;22px&#8220; closed_toggle_font=&#8220;poli_new||||||||&#8220; closed_toggle_font_size=&#8220;22px&#8220; body_font=&#8220;poli_new_light||||||||&#8220; background_color=&#8220;#2BC4A9&#8243; custom_margin=&#8220;-1px||||false|false&#8220; custom_padding=&#8220;8px||||false|false&#8220; border_radii=&#8220;on|19px|19px|19px|19px&#8220; border_width_all=&#8220;2px&#8220; hover_enabled=&#8220;0&#8243; sticky_enabled=&#8220;0&#8243;][et_pb_accordion_item title=&#8220;\u2022 Strategieentwicklung f\u00fcr die Digitalisierung&#8220; open=&#8220;off&#8220; _builder_version=&#8220;4.23.1&#8243; _module_preset=&#8220;default&#8220; hover_enabled=&#8220;0&#8243; global_colors_info=&#8220;{}&#8220; sticky_enabled=&#8220;0&#8243;]<\/p>\n<p><span>Wir helfen Ihnen, eine ma\u00dfgeschneiderte Digitalstrategie zu entwickeln, die zu Ihren Unternehmenszielen passt und Ihre Wettbewerbsf\u00e4higkeit st\u00e4rkt.<\/span><\/p>\n<p>[\/et_pb_accordion_item][et_pb_accordion_item title=&#8220;\u2022 Technologieberatung und -implementierung&#8220; open=&#8220;off&#8220; _builder_version=&#8220;4.23.1&#8243; _module_preset=&#8220;default&#8220; hover_enabled=&#8220;0&#8243; global_colors_info=&#8220;{}&#8220; sticky_enabled=&#8220;0&#8243;]<\/p>\n<p><span>Entdecken Sie mit mir die neuesten Technologien, die Ihr Gesch\u00e4ft effizienter und kundenorientierter gestalten. Ich begleiten Sie von der Auswahl bis zur Implementierung<\/span><\/p>\n<p>[\/et_pb_accordion_item][et_pb_accordion_item title=&#8220;\u2022 Digitale Prozessoptimierung&#8220; open=&#8220;off&#8220; _builder_version=&#8220;4.23.1&#8243; _module_preset=&#8220;default&#8220; hover_enabled=&#8220;0&#8243; global_colors_info=&#8220;{}&#8220; sticky_enabled=&#8220;0&#8243;]<\/p>\n<p><span>Steigern Sie Ihre operative Effizienz durch die Digitalisierung von Gesch\u00e4ftsprozessen. Ich unterst\u00fctzen Sie bei der Analyse, Planung und Umsetzung.<\/span><\/p>\n<p>[\/et_pb_accordion_item][et_pb_accordion_item title=&#8220;\u2022 Change Management und Mitarbeiterschulung&#8220; open=&#8220;on&#8220; _builder_version=&#8220;4.23.1&#8243; _module_preset=&#8220;default&#8220; hover_enabled=&#8220;0&#8243; global_colors_info=&#8220;{}&#8220; sticky_enabled=&#8220;0&#8243;]<\/p>\n<p><span>Der Mensch steht im Mittelpunkt des digitalen Wandels. Ich bieten Change-Management-Beratung und Schulungen an, um Ihre Mitarbeiter f\u00fcr die digitale Zukunft zu r\u00fcsten<\/span><\/p>\n<p>[\/et_pb_accordion_item][et_pb_accordion_item title=&#8220;\u2022 Digitale Kundenbindung und Online-Marketing&#8220; open=&#8220;off&#8220; _builder_version=&#8220;4.23.1&#8243; _module_preset=&#8220;default&#8220; hover_enabled=&#8220;0&#8243; global_colors_info=&#8220;{}&#8220; sticky_enabled=&#8220;0&#8243;]<\/p>\n<p><span>Nutzen Sie digitale Kan\u00e4le, um Kunden zu erreichen und zu binden. Ich unterst\u00fctzen Sie bei der Entwicklung effektiver Online-Marketing-Strategien.<\/span><\/p>\n<p>[\/et_pb_accordion_item][\/et_pb_accordion][\/et_pb_column][\/et_pb_row][\/et_pb_section]<\/p>\n","protected":false},"excerpt":{"rendered":"<p>Digitaler Wandel in Unternehmen Der digitale Wandel formt die Gesch\u00e4ftswelt neu und er\u00f6ffnet Unternehmen vielf\u00e4ltige Chancen. Meine Beratung unterst\u00fctzt Sie dabei, diese Herausforderungen erfolgreich zu meistern und die Potenziale der Digitalisierung voll auszusch\u00f6pfen.Mein\u00a0branchen\u00fcbergreifendes\u00a0Beratungsangebot:Wir helfen Ihnen, eine ma\u00dfgeschneiderte Digitalstrategie zu entwickeln, die zu Ihren Unternehmenszielen passt und Ihre Wettbewerbsf\u00e4higkeit st\u00e4rkt.Entdecken Sie mit mir die neuesten Technologien, [&hellip;]<\/p>\n","protected":false},"author":2,"featured_media":0,"parent":0,"menu_order":0,"comment_status":"closed","ping_status":"closed","template":"","meta":{"_et_pb_use_builder":"on","_et_pb_old_content":"<!-- wp:divi\/placeholder \/-->","_et_gb_content_width":"","_themeisle_gutenberg_block_has_review":false,"footnotes":""},"class_list":["post-718","page","type-page","status-publish","hentry"],"yoast_head":"<!-- This site is optimized with the Yoast SEO plugin v27.3 - https:\/\/yoast.com\/product\/yoast-seo-wordpress\/ -->\n<title>Digitaler Wandel - Shaping Strategy<\/title>\n<meta name=\"robots\" content=\"index, follow, max-snippet:-1, max-image-preview:large, max-video-preview:-1\" \/>\n<link rel=\"canonical\" href=\"https:\/\/publicmediagmbh.de\/en\/digitaler-wandel\/\" \/>\n<meta property=\"og:locale\" content=\"en_US\" \/>\n<meta property=\"og:type\" content=\"article\" \/>\n<meta property=\"og:title\" content=\"Digitaler Wandel - Shaping Strategy\" \/>\n<meta property=\"og:description\" content=\"Digitaler Wandel in Unternehmen Der digitale Wandel formt die Gesch\u00e4ftswelt neu und er\u00f6ffnet Unternehmen vielf\u00e4ltige Chancen. Meine Beratung unterst\u00fctzt Sie dabei, diese Herausforderungen erfolgreich zu meistern und die Potenziale der Digitalisierung voll auszusch\u00f6pfen.Mein\u00a0branchen\u00fcbergreifendes\u00a0Beratungsangebot:Wir helfen Ihnen, eine ma\u00dfgeschneiderte Digitalstrategie zu entwickeln, die zu Ihren Unternehmenszielen passt und Ihre Wettbewerbsf\u00e4higkeit st\u00e4rkt.Entdecken Sie mit mir die neuesten Technologien, [&hellip;]\" \/>\n<meta property=\"og:url\" content=\"https:\/\/publicmediagmbh.de\/en\/digitaler-wandel\/\" \/>\n<meta property=\"og:site_name\" content=\"Shaping Strategy\" \/>\n<meta property=\"article:publisher\" content=\"https:\/\/www.facebook.com\/ShapingStrategy\/\" \/>\n<meta property=\"article:modified_time\" content=\"2023-11-17T15:43:14+00:00\" \/>\n<meta name=\"twitter:card\" content=\"summary_large_image\" \/>\n<script type=\"application\/ld+json\" class=\"yoast-schema-graph\">{\"@context\":\"https:\\\/\\\/schema.org\",\"@graph\":[{\"@type\":\"WebPage\",\"@id\":\"https:\\\/\\\/publicmediagmbh.de\\\/digitaler-wandel\\\/\",\"url\":\"https:\\\/\\\/publicmediagmbh.de\\\/digitaler-wandel\\\/\",\"name\":\"Digitaler Wandel - Shaping Strategy\",\"isPartOf\":{\"@id\":\"https:\\\/\\\/publicmediagmbh.de\\\/#website\"},\"datePublished\":\"2023-11-17T14:14:48+00:00\",\"dateModified\":\"2023-11-17T15:43:14+00:00\",\"breadcrumb\":{\"@id\":\"https:\\\/\\\/publicmediagmbh.de\\\/digitaler-wandel\\\/#breadcrumb\"},\"inLanguage\":\"en-US\",\"potentialAction\":[{\"@type\":\"ReadAction\",\"target\":[\"https:\\\/\\\/publicmediagmbh.de\\\/digitaler-wandel\\\/\"]}]},{\"@type\":\"BreadcrumbList\",\"@id\":\"https:\\\/\\\/publicmediagmbh.de\\\/digitaler-wandel\\\/#breadcrumb\",\"itemListElement\":[{\"@type\":\"ListItem\",\"position\":1,\"name\":\"Home\",\"item\":\"https:\\\/\\\/publicmediagmbh.de\\\/\"},{\"@type\":\"ListItem\",\"position\":2,\"name\":\"Digitaler Wandel\"}]},{\"@type\":\"WebSite\",\"@id\":\"https:\\\/\\\/publicmediagmbh.de\\\/#website\",\"url\":\"https:\\\/\\\/publicmediagmbh.de\\\/\",\"name\":\"Shaping Strategy\",\"description\":\"Individuelle L&ouml;sungen f&uuml;r Unternehmen.\",\"publisher\":{\"@id\":\"https:\\\/\\\/publicmediagmbh.de\\\/#organization\"},\"potentialAction\":[{\"@type\":\"SearchAction\",\"target\":{\"@type\":\"EntryPoint\",\"urlTemplate\":\"https:\\\/\\\/publicmediagmbh.de\\\/?s={search_term_string}\"},\"query-input\":{\"@type\":\"PropertyValueSpecification\",\"valueRequired\":true,\"valueName\":\"search_term_string\"}}],\"inLanguage\":\"en-US\"},{\"@type\":\"Organization\",\"@id\":\"https:\\\/\\\/publicmediagmbh.de\\\/#organization\",\"name\":\"Shaping Strategy\",\"url\":\"https:\\\/\\\/publicmediagmbh.de\\\/\",\"logo\":{\"@type\":\"ImageObject\",\"inLanguage\":\"en-US\",\"@id\":\"https:\\\/\\\/publicmediagmbh.de\\\/#\\\/schema\\\/logo\\\/image\\\/\",\"url\":\"https:\\/\\/publicmediagmbh.de\\/wp-content\\/uploads\\/2023\\/07\\/Logo-Shaping-Strategy-500-\u00d7-80-px-1.png\",\"contentUrl\":\"https:\\/\\/publicmediagmbh.de\\/wp-content\\/uploads\\/2023\\/07\\/Logo-Shaping-Strategy-500-\u00d7-80-px-1.png\",\"width\":500,\"height\":70,\"caption\":\"Shaping Strategy\"},\"image\":{\"@id\":\"https:\\\/\\\/publicmediagmbh.de\\\/#\\\/schema\\\/logo\\\/image\\\/\"},\"sameAs\":[\"https:\\\/\\\/www.facebook.com\\\/ShapingStrategy\\\/\",\"https:\\\/\\\/www.linkedin.com\\\/in\\\/hans-kexel-shapingstrategy\\\/\",\"https:\\\/\\\/www.linkedin.com\\\/company\\\/shaping-strategy\"]}]}<\/script>\n<!-- \/ Yoast SEO plugin. -->","yoast_head_json":{"title":"Digital change - shaping strategy","robots":{"index":"index","follow":"follow","max-snippet":"max-snippet:-1","max-image-preview":"max-image-preview:large","max-video-preview":"max-video-preview:-1"},"canonical":"https:\/\/publicmediagmbh.de\/en\/digitaler-wandel\/","og_locale":"en_US","og_type":"article","og_title":"Digitaler Wandel - Shaping Strategy","og_description":"Digitaler Wandel in Unternehmen Der digitale Wandel formt die Gesch\u00e4ftswelt neu und er\u00f6ffnet Unternehmen vielf\u00e4ltige Chancen. Meine Beratung unterst\u00fctzt Sie dabei, diese Herausforderungen erfolgreich zu meistern und die Potenziale der Digitalisierung voll auszusch\u00f6pfen.Mein\u00a0branchen\u00fcbergreifendes\u00a0Beratungsangebot:Wir helfen Ihnen, eine ma\u00dfgeschneiderte Digitalstrategie zu entwickeln, die zu Ihren Unternehmenszielen passt und Ihre Wettbewerbsf\u00e4higkeit st\u00e4rkt.Entdecken Sie mit mir die neuesten Technologien, [&hellip;]","og_url":"https:\/\/publicmediagmbh.de\/en\/digitaler-wandel\/","og_site_name":"Shaping Strategy","article_publisher":"https:\/\/www.facebook.com\/ShapingStrategy\/","article_modified_time":"2023-11-17T15:43:14+00:00","twitter_card":"summary_large_image","schema":{"@context":"https:\/\/schema.org","@graph":[{"@type":"WebPage","@id":"https:\/\/publicmediagmbh.de\/digitaler-wandel\/","url":"https:\/\/publicmediagmbh.de\/digitaler-wandel\/","name":"Digital change - shaping strategy","isPartOf":{"@id":"https:\/\/publicmediagmbh.de\/#website"},"datePublished":"2023-11-17T14:14:48+00:00","dateModified":"2023-11-17T15:43:14+00:00","breadcrumb":{"@id":"https:\/\/publicmediagmbh.de\/digitaler-wandel\/#breadcrumb"},"inLanguage":"en-US","potentialAction":[{"@type":"ReadAction","target":["https:\/\/publicmediagmbh.de\/digitaler-wandel\/"]}]},{"@type":"BreadcrumbList","@id":"https:\/\/publicmediagmbh.de\/digitaler-wandel\/#breadcrumb","itemListElement":[{"@type":"ListItem","position":1,"name":"Home","item":"https:\/\/publicmediagmbh.de\/"},{"@type":"ListItem","position":2,"name":"Digitaler Wandel"}]},{"@type":"WebSite","@id":"https:\/\/publicmediagmbh.de\/#website","url":"https:\/\/publicmediagmbh.de\/","name":"Shaping Strategy","description":"Individual solutions for companies.","publisher":{"@id":"https:\/\/publicmediagmbh.de\/#organization"},"potentialAction":[{"@type":"SearchAction","target":{"@type":"EntryPoint","urlTemplate":"https:\/\/publicmediagmbh.de\/?s={search_term_string}"},"query-input":{"@type":"PropertyValueSpecification","valueRequired":true,"valueName":"search_term_string"}}],"inLanguage":"en-US"},{"@type":"Organization","@id":"https:\/\/publicmediagmbh.de\/#organization","name":"Shaping Strategy","url":"https:\/\/publicmediagmbh.de\/","logo":{"@type":"ImageObject","inLanguage":"en-US","@id":"https:\/\/publicmediagmbh.de\/#\/schema\/logo\/image\/","url":"https:\/\/mludomnvuuqf.i.optimole.com\/w:auto\/h:auto\/q:mauto\/f:best\/https:\/\/publicmediagmbh.de\/wp-content\/uploads\/2023\/07\/Logo-Shaping-Strategy-500-×-80-px-1.png","contentUrl":"https:\/\/mludomnvuuqf.i.optimole.com\/w:auto\/h:auto\/q:mauto\/f:best\/https:\/\/publicmediagmbh.de\/wp-content\/uploads\/2023\/07\/Logo-Shaping-Strategy-500-×-80-px-1.png","width":500,"height":70,"caption":"Shaping Strategy"},"image":{"@id":"https:\/\/publicmediagmbh.de\/#\/schema\/logo\/image\/"},"sameAs":["https:\/\/www.facebook.com\/ShapingStrategy\/","https:\/\/www.linkedin.com\/in\/hans-kexel-shapingstrategy\/","https:\/\/www.linkedin.com\/company\/shaping-strategy"]}]}},"_links":{"self":[{"href":"https:\/\/publicmediagmbh.de\/en\/wp-json\/wp\/v2\/pages\/718","targetHints":{"allow":["GET"]}}],"collection":[{"href":"https:\/\/publicmediagmbh.de\/en\/wp-json\/wp\/v2\/pages"}],"about":[{"href":"https:\/\/publicmediagmbh.de\/en\/wp-json\/wp\/v2\/types\/page"}],"author":[{"embeddable":true,"href":"https:\/\/publicmediagmbh.de\/en\/wp-json\/wp\/v2\/users\/2"}],"replies":[{"embeddable":true,"href":"https:\/\/publicmediagmbh.de\/en\/wp-json\/wp\/v2\/comments?post=718"}],"version-history":[{"count":7,"href":"https:\/\/publicmediagmbh.de\/en\/wp-json\/wp\/v2\/pages\/718\/revisions"}],"predecessor-version":[{"id":756,"href":"https:\/\/publicmediagmbh.de\/en\/wp-json\/wp\/v2\/pages\/718\/revisions\/756"}],"wp:attachment":[{"href":"https:\/\/publicmediagmbh.de\/en\/wp-json\/wp\/v2\/media?parent=718"}],"curies":[{"name":"wp","href":"https:\/\/api.w.org\/{rel}","templated":true}]}}