{"id":721,"date":"2023-11-17T14:16:06","date_gmt":"2023-11-17T14:16:06","guid":{"rendered":"https:\/\/publicmediagmbh.de\/?page_id=721"},"modified":"2023-11-19T16:03:56","modified_gmt":"2023-11-19T16:03:56","slug":"wachstumsmanagement","status":"publish","type":"page","link":"https:\/\/publicmediagmbh.de\/en\/wachstumsmanagement\/","title":{"rendered":"Growth management"},"content":{"rendered":"<p>[et_pb_section fb_built=&#8220;1&#8243; _builder_version=&#8220;4.23.1&#8243; _module_preset=&#8220;default&#8220; custom_padding=&#8220;9px||6px|||&#8220; global_colors_info=&#8220;{}&#8220; theme_builder_area=&#8220;post_content&#8220;][et_pb_row column_structure=&#8220;2_5,3_5&#8243; _builder_version=&#8220;4.23.1&#8243; _module_preset=&#8220;default&#8220; global_colors_info=&#8220;{}&#8220; theme_builder_area=&#8220;post_content&#8220;][et_pb_column type=&#8220;2_5&#8243; _builder_version=&#8220;4.23.1&#8243; _module_preset=&#8220;default&#8220; global_colors_info=&#8220;{}&#8220; theme_builder_area=&#8220;post_content&#8220;][et_pb_image src=&#8220;https:\/\/mludomnvuuqf.i.optimole.com\/w:auto\/h:auto\/q:mauto\/f:best\/https:\/\/publicmediagmbh.de\/wp-content\/uploads\/2023\/11\/Wachstum.webp&#8220; title_text=&#8220;Wachstum&#8220; _builder_version=&#8220;4.23.1&#8243; _module_preset=&#8220;default&#8220; width=&#8220;40%&#8220; max_width=&#8220;40%&#8220; module_alignment=&#8220;center&#8220; hover_enabled=&#8220;0&#8243; global_colors_info=&#8220;{}&#8220; theme_builder_area=&#8220;post_content&#8220; sticky_enabled=&#8220;0&#8243;][\/et_pb_image][\/et_pb_column][et_pb_column type=&#8220;3_5&#8243; _builder_version=&#8220;4.23.1&#8243; _module_preset=&#8220;default&#8220; global_colors_info=&#8220;{}&#8220; theme_builder_area=&#8220;post_content&#8220;][et_pb_text _builder_version=&#8220;4.23.1&#8243; _module_preset=&#8220;default&#8220; text_font=&#8220;poli_new_light||||||||&#8220; text_font_size=&#8220;22px&#8220; text_line_height=&#8220;1.8em&#8220; header_font=&#8220;poli_new||||||||&#8220; hover_enabled=&#8220;0&#8243; global_colors_info=&#8220;{}&#8220; theme_builder_area=&#8220;post_content&#8220; sticky_enabled=&#8220;0&#8243;]<\/p>\n<h1 class=\"entry-title main_title\">Wachstumsmanagement<\/h1>\n<p><span>Durch meine umfangreiche Arbeit in der freien und internationalen Wirtschaft konnte ich tiefgreifende Kenntnisse in den Bereichen Sales, Marketing, Produktion und Human Resources erlangen. Diese Erfahrungen haben es mir erm\u00f6glicht, Unternehmen in ihrer Wachstumsphase effektiv zu unterst\u00fctzen und nachhaltiges Wachstum zu f\u00f6rdern. Mit einem reichen Schatz an bew\u00e4hrten Strategien und Praktiken strebe ich danach, Ihr Unternehmen auf den Pfad des Erfolgs zu f\u00fchren. Im Folgenden finden Sie eine \u00dcbersicht dar\u00fcber, wie ich Ihrem Unternehmen im Bereich Wachstumsmanagement zur Seite stehen kann:<\/span><\/p>\n<p>[\/et_pb_text][\/et_pb_column][\/et_pb_row][\/et_pb_section][et_pb_section fb_built=&#8220;1&#8243; _builder_version=&#8220;4.23.1&#8243; _module_preset=&#8220;default&#8220; background_color=&#8220;#e38376&#8243; custom_padding=&#8220;35px|||||&#8220; global_colors_info=&#8220;{}&#8220; theme_builder_area=&#8220;post_content&#8220;][et_pb_row column_structure=&#8220;1_2,1_2&#8243; _builder_version=&#8220;4.23.1&#8243; _module_preset=&#8220;default&#8220; custom_padding=&#8220;9px|||||&#8220; global_colors_info=&#8220;{}&#8220; theme_builder_area=&#8220;post_content&#8220;][et_pb_column type=&#8220;1_2&#8243; _builder_version=&#8220;4.23.1&#8243; _module_preset=&#8220;default&#8220; global_colors_info=&#8220;{}&#8220; theme_builder_area=&#8220;post_content&#8220;][et_pb_text _builder_version=&#8220;4.23.1&#8243; _module_preset=&#8220;default&#8220; text_font=&#8220;poli_new||||||||&#8220; text_font_size=&#8220;22px&#8220; global_colors_info=&#8220;{}&#8220; theme_builder_area=&#8220;post_content&#8220;]<\/p>\n<p>Mein <span>branchen\u00fcbergreifendes <\/span>Beratungsangebot:<\/p>\n<p>[\/et_pb_text][\/et_pb_column][et_pb_column type=&#8220;1_2&#8243; _builder_version=&#8220;4.23.1&#8243; _module_preset=&#8220;default&#8220; global_colors_info=&#8220;{}&#8220; theme_builder_area=&#8220;post_content&#8220;][\/et_pb_column][\/et_pb_row][et_pb_row _builder_version=&#8220;4.23.1&#8243; _module_preset=&#8220;default&#8220; custom_margin=&#8220;-10px|auto||auto||&#8220; global_colors_info=&#8220;{}&#8220; theme_builder_area=&#8220;post_content&#8220;][et_pb_column type=&#8220;4_4&#8243; _builder_version=&#8220;4.23.1&#8243; _module_preset=&#8220;default&#8220; global_colors_info=&#8220;{}&#8220; theme_builder_area=&#8220;post_content&#8220;][et_pb_accordion open_toggle_background_color=&#8220;#e38376&#8243; closed_toggle_text_color=&#8220;#0a0a0a&#8220; closed_toggle_background_color=&#8220;#e2a8a1&#8243; toggle_icon=&#8220;&#xe03a;||divi||400&#8243; icon_color=&#8220;#140202&#8243; use_icon_font_size=&#8220;on&#8220; icon_font_size=&#8220;34px&#8220; _builder_version=&#8220;4.23.1&#8243; _module_preset=&#8220;default&#8220; toggle_font=&#8220;poli_new||||||||&#8220; toggle_font_size=&#8220;22px&#8220; closed_toggle_font=&#8220;poli_new||||||||&#8220; closed_toggle_font_size=&#8220;22px&#8220; body_font=&#8220;poli_new_light||||||||&#8220; background_color=&#8220;#e38376&#8243; custom_margin=&#8220;-1px||||false|false&#8220; custom_padding=&#8220;8px||||false|false&#8220; hover_enabled=&#8220;0&#8243; border_radii=&#8220;on|19px|19px|19px|19px&#8220; border_width_all=&#8220;2px&#8220; global_colors_info=&#8220;{}&#8220; theme_builder_area=&#8220;post_content&#8220; sticky_enabled=&#8220;0&#8243;][et_pb_accordion_item title=&#8220;\u2022 Strategische Planung und Gesch\u00e4ftsentwicklung&#8220; open=&#8220;off&#8220; _builder_version=&#8220;4.23.1&#8243; _module_preset=&#8220;default&#8220; hover_enabled=&#8220;0&#8243; global_colors_info=&#8220;{}&#8220; theme_builder_area=&#8220;post_content&#8220; sticky_enabled=&#8220;0&#8243;]<\/p>\n<ul>\n<li style=\"list-style-type: none;\">\n<ul>\n<li>Entwicklung und Umsetzung von Wachstumsstrategien<\/li>\n<li>Marktanalyse und Identifikation neuer Gesch\u00e4ftsm\u00f6glichkeiten<\/li>\n<li>Beratung bei der Gesch\u00e4ftsmodellerweiterung und Skalierung<\/li>\n<\/ul>\n<\/li>\n<\/ul>\n<p>[\/et_pb_accordion_item][et_pb_accordion_item title=&#8220;\u2022 Sales-Optimierung&#8220; _builder_version=&#8220;4.23.1&#8243; _module_preset=&#8220;default&#8220; hover_enabled=&#8220;0&#8243; global_colors_info=&#8220;{}&#8220; theme_builder_area=&#8220;post_content&#8220; open=&#8220;on&#8220; sticky_enabled=&#8220;0&#8243;]<\/p>\n<ul>\n<li style=\"list-style-type: none;\">\n<ul>\n<li>Entwicklung und Implementierung effektiver Vertriebsstrategien<\/li>\n<li>Schulungen und Coaching f\u00fcr Vertriebsteams<\/li>\n<li>Optimierung der Kundenakquise und Kundenbindung<\/li>\n<\/ul>\n<\/li>\n<\/ul>\n<p>[\/et_pb_accordion_item][et_pb_accordion_item title=&#8220;\u2022 Marketing und Branding&#8220; _builder_version=&#8220;4.23.1&#8243; _module_preset=&#8220;default&#8220; hover_enabled=&#8220;0&#8243; global_colors_info=&#8220;{}&#8220; theme_builder_area=&#8220;post_content&#8220; open=&#8220;off&#8220; sticky_enabled=&#8220;0&#8243;]<\/p>\n<ul>\n<li style=\"list-style-type: none;\">\n<ul>\n<li>Entwicklung von Marketingstrategien zur Steigerung der Markenbekanntheit<\/li>\n<li>Unterst\u00fctzung bei digitalen Marketingkampagnen<\/li>\n<li>Beratung zur Zielgruppenansprache und Marktpositionierung<\/li>\n<\/ul>\n<\/li>\n<\/ul>\n<p>[\/et_pb_accordion_item][et_pb_accordion_item title=&#8220;\u2022 Produktionsmanagement und Effizienzsteigerung&#8220; _builder_version=&#8220;4.23.1&#8243; _module_preset=&#8220;default&#8220; hover_enabled=&#8220;0&#8243; global_colors_info=&#8220;{}&#8220; theme_builder_area=&#8220;post_content&#8220; open=&#8220;off&#8220; sticky_enabled=&#8220;0&#8243;]<\/p>\n<ul>\n<li style=\"list-style-type: none;\">\n<ul>\n<li>Beratung zur Optimierung von Produktionsprozessen<\/li>\n<li>Implementierung von Lean-Management-Prinzipien<\/li>\n<li>Unterst\u00fctzung bei der Kapazit\u00e4tsplanung und Ressourcenoptimierung<\/li>\n<\/ul>\n<\/li>\n<\/ul>\n<p>[\/et_pb_accordion_item][et_pb_accordion_item title=&#8220;\u2022 Human Resources Management&#8220; _builder_version=&#8220;4.23.1&#8243; _module_preset=&#8220;default&#8220; hover_enabled=&#8220;0&#8243; global_colors_info=&#8220;{}&#8220; theme_builder_area=&#8220;post_content&#8220; open=&#8220;off&#8220; sticky_enabled=&#8220;0&#8243;]<\/p>\n<ul>\n<li style=\"list-style-type: none;\">\n<ul>\n<li>Entwicklung von Strategien zur Mitarbeitergewinnung und -bindung<\/li>\n<li>Beratung zur Personalentwicklung und Leistungsoptimierung<\/li>\n<li>Implementierung von effektiven F\u00fchrungskr\u00e4fte-Entwicklungsprogrammen<\/li>\n<\/ul>\n<\/li>\n<\/ul>\n<p>[\/et_pb_accordion_item][et_pb_accordion_item title=&#8220;\u2022 Technologie und Innovation&#8220; _builder_version=&#8220;4.23.1&#8243; _module_preset=&#8220;default&#8220; hover_enabled=&#8220;0&#8243; global_colors_info=&#8220;{}&#8220; theme_builder_area=&#8220;post_content&#8220; open=&#8220;off&#8220; sticky_enabled=&#8220;0&#8243;]<\/p>\n<ul>\n<li style=\"list-style-type: none;\">\n<ul>\n<li>Beratung zur Integration neuer Technologien<\/li>\n<li>Unterst\u00fctzung bei der Digitalisierung von Gesch\u00e4ftsprozessen<\/li>\n<li>Innovationsmanagement und F\u00f6rderung der Unternehmenskreativit\u00e4t<\/li>\n<\/ul>\n<\/li>\n<\/ul>\n<p>[\/et_pb_accordion_item][et_pb_accordion_item title=&#8220;\u2022 Nachhaltigkeit und Corporate Social Responsibility&#8220; _builder_version=&#8220;4.23.1&#8243; _module_preset=&#8220;default&#8220; hover_enabled=&#8220;0&#8243; global_colors_info=&#8220;{}&#8220; theme_builder_area=&#8220;post_content&#8220; open=&#8220;off&#8220; sticky_enabled=&#8220;0&#8243;]<\/p>\n<ul>\n<li style=\"list-style-type: none;\">\n<ul>\n<li>Integration von Nachhaltigkeitsstrategien in das Gesch\u00e4ftsmodell<\/li>\n<li>Beratung zu umweltfreundlichen Praktiken und sozialer Verantwortung<\/li>\n<li>Aufbau eines positiven Unternehmensimages<\/li>\n<\/ul>\n<\/li>\n<\/ul>\n<p>[\/et_pb_accordion_item][\/et_pb_accordion][\/et_pb_column][\/et_pb_row][\/et_pb_section]<\/p>\n","protected":false},"excerpt":{"rendered":"<p>Wachstumsmanagement Durch meine umfangreiche Arbeit in der freien und internationalen Wirtschaft konnte ich tiefgreifende Kenntnisse in den Bereichen Sales, Marketing, Produktion und Human Resources erlangen. Diese Erfahrungen haben es mir erm\u00f6glicht, Unternehmen in ihrer Wachstumsphase effektiv zu unterst\u00fctzen und nachhaltiges Wachstum zu f\u00f6rdern. Mit einem reichen Schatz an bew\u00e4hrten Strategien und Praktiken strebe ich danach, [&hellip;]<\/p>\n","protected":false},"author":2,"featured_media":0,"parent":0,"menu_order":0,"comment_status":"closed","ping_status":"closed","template":"","meta":{"_et_pb_use_builder":"on","_et_pb_old_content":"<!-- wp:divi\/placeholder \/-->","_et_gb_content_width":"","_themeisle_gutenberg_block_has_review":false,"footnotes":""},"class_list":["post-721","page","type-page","status-publish","hentry"],"yoast_head":"<!-- This site is optimized with the Yoast SEO plugin v27.3 - https:\/\/yoast.com\/product\/yoast-seo-wordpress\/ -->\n<title>Wachstumsmanagement - Shaping Strategy<\/title>\n<meta name=\"robots\" content=\"index, follow, max-snippet:-1, max-image-preview:large, max-video-preview:-1\" \/>\n<link rel=\"canonical\" href=\"https:\/\/publicmediagmbh.de\/en\/wachstumsmanagement\/\" \/>\n<meta property=\"og:locale\" content=\"en_US\" \/>\n<meta property=\"og:type\" content=\"article\" \/>\n<meta property=\"og:title\" content=\"Wachstumsmanagement - Shaping Strategy\" \/>\n<meta property=\"og:description\" content=\"Wachstumsmanagement Durch meine umfangreiche Arbeit in der freien und internationalen Wirtschaft konnte ich tiefgreifende Kenntnisse in den Bereichen Sales, Marketing, Produktion und Human Resources erlangen. Diese Erfahrungen haben es mir erm\u00f6glicht, Unternehmen in ihrer Wachstumsphase effektiv zu unterst\u00fctzen und nachhaltiges Wachstum zu f\u00f6rdern. Mit einem reichen Schatz an bew\u00e4hrten Strategien und Praktiken strebe ich danach, [&hellip;]\" \/>\n<meta property=\"og:url\" content=\"https:\/\/publicmediagmbh.de\/en\/wachstumsmanagement\/\" \/>\n<meta property=\"og:site_name\" content=\"Shaping Strategy\" \/>\n<meta property=\"article:publisher\" content=\"https:\/\/www.facebook.com\/ShapingStrategy\/\" \/>\n<meta property=\"article:modified_time\" content=\"2023-11-19T16:03:56+00:00\" \/>\n<meta name=\"twitter:card\" content=\"summary_large_image\" \/>\n<script type=\"application\/ld+json\" class=\"yoast-schema-graph\">{\"@context\":\"https:\\\/\\\/schema.org\",\"@graph\":[{\"@type\":\"WebPage\",\"@id\":\"https:\\\/\\\/publicmediagmbh.de\\\/wachstumsmanagement\\\/\",\"url\":\"https:\\\/\\\/publicmediagmbh.de\\\/wachstumsmanagement\\\/\",\"name\":\"Wachstumsmanagement - Shaping Strategy\",\"isPartOf\":{\"@id\":\"https:\\\/\\\/publicmediagmbh.de\\\/#website\"},\"datePublished\":\"2023-11-17T14:16:06+00:00\",\"dateModified\":\"2023-11-19T16:03:56+00:00\",\"breadcrumb\":{\"@id\":\"https:\\\/\\\/publicmediagmbh.de\\\/wachstumsmanagement\\\/#breadcrumb\"},\"inLanguage\":\"en-US\",\"potentialAction\":[{\"@type\":\"ReadAction\",\"target\":[\"https:\\\/\\\/publicmediagmbh.de\\\/wachstumsmanagement\\\/\"]}]},{\"@type\":\"BreadcrumbList\",\"@id\":\"https:\\\/\\\/publicmediagmbh.de\\\/wachstumsmanagement\\\/#breadcrumb\",\"itemListElement\":[{\"@type\":\"ListItem\",\"position\":1,\"name\":\"Home\",\"item\":\"https:\\\/\\\/publicmediagmbh.de\\\/\"},{\"@type\":\"ListItem\",\"position\":2,\"name\":\"Wachstumsmanagement\"}]},{\"@type\":\"WebSite\",\"@id\":\"https:\\\/\\\/publicmediagmbh.de\\\/#website\",\"url\":\"https:\\\/\\\/publicmediagmbh.de\\\/\",\"name\":\"Shaping Strategy\",\"description\":\"Individuelle L&ouml;sungen f&uuml;r Unternehmen.\",\"publisher\":{\"@id\":\"https:\\\/\\\/publicmediagmbh.de\\\/#organization\"},\"potentialAction\":[{\"@type\":\"SearchAction\",\"target\":{\"@type\":\"EntryPoint\",\"urlTemplate\":\"https:\\\/\\\/publicmediagmbh.de\\\/?s={search_term_string}\"},\"query-input\":{\"@type\":\"PropertyValueSpecification\",\"valueRequired\":true,\"valueName\":\"search_term_string\"}}],\"inLanguage\":\"en-US\"},{\"@type\":\"Organization\",\"@id\":\"https:\\\/\\\/publicmediagmbh.de\\\/#organization\",\"name\":\"Shaping Strategy\",\"url\":\"https:\\\/\\\/publicmediagmbh.de\\\/\",\"logo\":{\"@type\":\"ImageObject\",\"inLanguage\":\"en-US\",\"@id\":\"https:\\\/\\\/publicmediagmbh.de\\\/#\\\/schema\\\/logo\\\/image\\\/\",\"url\":\"https:\\/\\/publicmediagmbh.de\\/wp-content\\/uploads\\/2023\\/07\\/Logo-Shaping-Strategy-500-\u00d7-80-px-1.png\",\"contentUrl\":\"https:\\/\\/publicmediagmbh.de\\/wp-content\\/uploads\\/2023\\/07\\/Logo-Shaping-Strategy-500-\u00d7-80-px-1.png\",\"width\":500,\"height\":70,\"caption\":\"Shaping Strategy\"},\"image\":{\"@id\":\"https:\\\/\\\/publicmediagmbh.de\\\/#\\\/schema\\\/logo\\\/image\\\/\"},\"sameAs\":[\"https:\\\/\\\/www.facebook.com\\\/ShapingStrategy\\\/\",\"https:\\\/\\\/www.linkedin.com\\\/in\\\/hans-kexel-shapingstrategy\\\/\",\"https:\\\/\\\/www.linkedin.com\\\/company\\\/shaping-strategy\"]}]}<\/script>\n<!-- \/ Yoast SEO plugin. -->","yoast_head_json":{"title":"Wachstumsmanagement - Shaping Strategy","robots":{"index":"index","follow":"follow","max-snippet":"max-snippet:-1","max-image-preview":"max-image-preview:large","max-video-preview":"max-video-preview:-1"},"canonical":"https:\/\/publicmediagmbh.de\/en\/wachstumsmanagement\/","og_locale":"en_US","og_type":"article","og_title":"Wachstumsmanagement - Shaping Strategy","og_description":"Wachstumsmanagement Durch meine umfangreiche Arbeit in der freien und internationalen Wirtschaft konnte ich tiefgreifende Kenntnisse in den Bereichen Sales, Marketing, Produktion und Human Resources erlangen. Diese Erfahrungen haben es mir erm\u00f6glicht, Unternehmen in ihrer Wachstumsphase effektiv zu unterst\u00fctzen und nachhaltiges Wachstum zu f\u00f6rdern. Mit einem reichen Schatz an bew\u00e4hrten Strategien und Praktiken strebe ich danach, [&hellip;]","og_url":"https:\/\/publicmediagmbh.de\/en\/wachstumsmanagement\/","og_site_name":"Shaping Strategy","article_publisher":"https:\/\/www.facebook.com\/ShapingStrategy\/","article_modified_time":"2023-11-19T16:03:56+00:00","twitter_card":"summary_large_image","schema":{"@context":"https:\/\/schema.org","@graph":[{"@type":"WebPage","@id":"https:\/\/publicmediagmbh.de\/wachstumsmanagement\/","url":"https:\/\/publicmediagmbh.de\/wachstumsmanagement\/","name":"Wachstumsmanagement - Shaping Strategy","isPartOf":{"@id":"https:\/\/publicmediagmbh.de\/#website"},"datePublished":"2023-11-17T14:16:06+00:00","dateModified":"2023-11-19T16:03:56+00:00","breadcrumb":{"@id":"https:\/\/publicmediagmbh.de\/wachstumsmanagement\/#breadcrumb"},"inLanguage":"en-US","potentialAction":[{"@type":"ReadAction","target":["https:\/\/publicmediagmbh.de\/wachstumsmanagement\/"]}]},{"@type":"BreadcrumbList","@id":"https:\/\/publicmediagmbh.de\/wachstumsmanagement\/#breadcrumb","itemListElement":[{"@type":"ListItem","position":1,"name":"Home","item":"https:\/\/publicmediagmbh.de\/"},{"@type":"ListItem","position":2,"name":"Wachstumsmanagement"}]},{"@type":"WebSite","@id":"https:\/\/publicmediagmbh.de\/#website","url":"https:\/\/publicmediagmbh.de\/","name":"Shaping Strategy","description":"Individual solutions for companies.","publisher":{"@id":"https:\/\/publicmediagmbh.de\/#organization"},"potentialAction":[{"@type":"SearchAction","target":{"@type":"EntryPoint","urlTemplate":"https:\/\/publicmediagmbh.de\/?s={search_term_string}"},"query-input":{"@type":"PropertyValueSpecification","valueRequired":true,"valueName":"search_term_string"}}],"inLanguage":"en-US"},{"@type":"Organization","@id":"https:\/\/publicmediagmbh.de\/#organization","name":"Shaping Strategy","url":"https:\/\/publicmediagmbh.de\/","logo":{"@type":"ImageObject","inLanguage":"en-US","@id":"https:\/\/publicmediagmbh.de\/#\/schema\/logo\/image\/","url":"https:\/\/mludomnvuuqf.i.optimole.com\/w:auto\/h:auto\/q:mauto\/f:best\/https:\/\/publicmediagmbh.de\/wp-content\/uploads\/2023\/07\/Logo-Shaping-Strategy-500-×-80-px-1.png","contentUrl":"https:\/\/mludomnvuuqf.i.optimole.com\/w:auto\/h:auto\/q:mauto\/f:best\/https:\/\/publicmediagmbh.de\/wp-content\/uploads\/2023\/07\/Logo-Shaping-Strategy-500-×-80-px-1.png","width":500,"height":70,"caption":"Shaping Strategy"},"image":{"@id":"https:\/\/publicmediagmbh.de\/#\/schema\/logo\/image\/"},"sameAs":["https:\/\/www.facebook.com\/ShapingStrategy\/","https:\/\/www.linkedin.com\/in\/hans-kexel-shapingstrategy\/","https:\/\/www.linkedin.com\/company\/shaping-strategy"]}]}},"_links":{"self":[{"href":"https:\/\/publicmediagmbh.de\/en\/wp-json\/wp\/v2\/pages\/721","targetHints":{"allow":["GET"]}}],"collection":[{"href":"https:\/\/publicmediagmbh.de\/en\/wp-json\/wp\/v2\/pages"}],"about":[{"href":"https:\/\/publicmediagmbh.de\/en\/wp-json\/wp\/v2\/types\/page"}],"author":[{"embeddable":true,"href":"https:\/\/publicmediagmbh.de\/en\/wp-json\/wp\/v2\/users\/2"}],"replies":[{"embeddable":true,"href":"https:\/\/publicmediagmbh.de\/en\/wp-json\/wp\/v2\/comments?post=721"}],"version-history":[{"count":3,"href":"https:\/\/publicmediagmbh.de\/en\/wp-json\/wp\/v2\/pages\/721\/revisions"}],"predecessor-version":[{"id":785,"href":"https:\/\/publicmediagmbh.de\/en\/wp-json\/wp\/v2\/pages\/721\/revisions\/785"}],"wp:attachment":[{"href":"https:\/\/publicmediagmbh.de\/en\/wp-json\/wp\/v2\/media?parent=721"}],"curies":[{"name":"wp","href":"https:\/\/api.w.org\/{rel}","templated":true}]}}