{"id":731,"date":"2023-11-17T14:23:50","date_gmt":"2023-11-17T14:23:50","guid":{"rendered":"https:\/\/publicmediagmbh.de\/?page_id=731"},"modified":"2023-11-17T15:24:01","modified_gmt":"2023-11-17T15:24:01","slug":"nachhaltige-energien-2","status":"publish","type":"page","link":"https:\/\/publicmediagmbh.de\/en\/nachhaltige-energien-2\/","title":{"rendered":"Sustainable energies"},"content":{"rendered":"<p>[et_pb_section fb_built=&#8220;1&#8243; theme_builder_area=&#8220;post_content&#8220; _builder_version=&#8220;4.23.1&#8243; _module_preset=&#8220;default&#8220; custom_padding=&#8220;9px||6px|||&#8220;][et_pb_row _builder_version=&#8220;4.23.1&#8243; _module_preset=&#8220;default&#8220; theme_builder_area=&#8220;post_content&#8220; column_structure=&#8220;2_5,3_5&#8243;][et_pb_column _builder_version=&#8220;4.23.1&#8243; _module_preset=&#8220;default&#8220; type=&#8220;2_5&#8243; theme_builder_area=&#8220;post_content&#8220;][et_pb_image src=&#8220;https:\/\/mludomnvuuqf.i.optimole.com\/w:auto\/h:auto\/q:mauto\/f:best\/https:\/\/publicmediagmbh.de\/wp-content\/uploads\/2023\/11\/Nachhaltige-Energien.webp&#8220; _builder_version=&#8220;4.23.1&#8243; _module_preset=&#8220;default&#8220; theme_builder_area=&#8220;post_content&#8220; title_text=&#8220;Nachhaltige Energien&#8220; width=&#8220;40%&#8220; max_width=&#8220;40%&#8220; module_alignment=&#8220;center&#8220; hover_enabled=&#8220;0&#8243; sticky_enabled=&#8220;0&#8243;][\/et_pb_image][\/et_pb_column][et_pb_column _builder_version=&#8220;4.23.1&#8243; _module_preset=&#8220;default&#8220; type=&#8220;3_5&#8243; theme_builder_area=&#8220;post_content&#8220;][et_pb_text _builder_version=&#8220;4.23.1&#8243; _module_preset=&#8220;default&#8220; theme_builder_area=&#8220;post_content&#8220; text_font=&#8220;poli_new_light||||||||&#8220; text_font_size=&#8220;22px&#8220; text_line_height=&#8220;1.8em&#8220; hover_enabled=&#8220;0&#8243; sticky_enabled=&#8220;0&#8243; header_font=&#8220;poli_new||||||||&#8220;]<\/p>\n<h1 class=\"dnxt-blurb-heading\">Nachhaltige Energien<\/h1>\n<p><span>Auf dieser Seite konzentrieren wir uns auf das essentielle Thema nachhaltige Energien im Unternehmenskontext. Meine Beratung umfasst effiziente Strategien und praktische L\u00f6sungen, um Ihr Unternehmen energieeffizienter und umweltfreundlicher zu gestalten. Dabei betrachten wir auch spezielle Aspekte wie das Management von E-Fuhrparks als integralen Bestandteil einer umfassenden Nachhaltigkeitsstrategie. Entdecken Sie mit uns Wege, wie Ihr Unternehmen aktiv zum Umweltschutz beitragen kann<\/span><\/p>\n<p>[\/et_pb_text][\/et_pb_column][\/et_pb_row][\/et_pb_section][et_pb_section fb_built=&#8220;1&#8243; theme_builder_area=&#8220;post_content&#8220; _builder_version=&#8220;4.23.1&#8243; _module_preset=&#8220;default&#8220; background_color=&#8220;#e38376&#8243; hover_enabled=&#8220;0&#8243; sticky_enabled=&#8220;0&#8243; custom_padding=&#8220;35px|||||&#8220;][et_pb_row _builder_version=&#8220;4.23.1&#8243; _module_preset=&#8220;default&#8220; theme_builder_area=&#8220;post_content&#8220; custom_padding=&#8220;9px|||||&#8220; column_structure=&#8220;1_2,1_2&#8243;][et_pb_column _builder_version=&#8220;4.23.1&#8243; _module_preset=&#8220;default&#8220; type=&#8220;1_2&#8243; theme_builder_area=&#8220;post_content&#8220;][et_pb_text _builder_version=&#8220;4.23.1&#8243; _module_preset=&#8220;default&#8220; theme_builder_area=&#8220;post_content&#8220; text_font=&#8220;poli_new||||||||&#8220; text_font_size=&#8220;22px&#8220; hover_enabled=&#8220;0&#8243; sticky_enabled=&#8220;0&#8243;]<\/p>\n<p>Mein <span>branchen\u00fcbergreifendes <\/span>Beratungsangebot:<\/p>\n<p>[\/et_pb_text][\/et_pb_column][et_pb_column _builder_version=&#8220;4.23.1&#8243; _module_preset=&#8220;default&#8220; type=&#8220;1_2&#8243; theme_builder_area=&#8220;post_content&#8220;][\/et_pb_column][\/et_pb_row][et_pb_row _builder_version=&#8220;4.23.1&#8243; _module_preset=&#8220;default&#8220; theme_builder_area=&#8220;post_content&#8220; custom_margin=&#8220;-10px|auto||auto||&#8220;][et_pb_column _builder_version=&#8220;4.23.1&#8243; _module_preset=&#8220;default&#8220; type=&#8220;4_4&#8243; theme_builder_area=&#8220;post_content&#8220;][et_pb_accordion _builder_version=&#8220;4.23.1&#8243; _module_preset=&#8220;default&#8220; theme_builder_area=&#8220;post_content&#8220; hover_enabled=&#8220;0&#8243; sticky_enabled=&#8220;0&#8243; background_color=&#8220;#e38376&#8243; toggle_icon=&#8220;&#xe03a;||divi||400&#8243; icon_color=&#8220;#140202&#8243; use_icon_font_size=&#8220;on&#8220; icon_font_size=&#8220;34px&#8220; closed_toggle_background_color=&#8220;#e2a8a1&#8243; open_toggle_background_color=&#8220;#e38376&#8243; toggle_font=&#8220;poli_new||||||||&#8220; toggle_font_size=&#8220;22px&#8220; body_font=&#8220;poli_new_light||||||||&#8220; closed_toggle_font=&#8220;poli_new||||||||&#8220; closed_toggle_text_color=&#8220;#0a0a0a&#8220; closed_toggle_font_size=&#8220;22px&#8220; custom_padding=&#8220;8px||||false|false&#8220; custom_margin=&#8220;-1px||||false|false&#8220; border_radii=&#8220;on|19px|19px|19px|19px&#8220; border_width_all=&#8220;2px&#8220;][et_pb_accordion_item title=&#8220;\u2022 Strategieentwicklung f\u00fcr Nachhaltigkeit&#8220; _builder_version=&#8220;4.23.1&#8243; _module_preset=&#8220;default&#8220; theme_builder_area=&#8220;post_content&#8220; open=&#8220;on&#8220; hover_enabled=&#8220;0&#8243; sticky_enabled=&#8220;0&#8243;]<\/p>\n<p><span>Unterst\u00fctzung bei der Entwicklung und Implementierung von Nachhaltigkeitsstrategien, die sich auf den Einsatz erneuerbarer Energien fokussieren.<\/span><\/p>\n<p>[\/et_pb_accordion_item][et_pb_accordion_item title=&#8220;\u2022 Analyse und Optimierung der Energieeffizienz&#8220; _builder_version=&#8220;4.23.1&#8243; _module_preset=&#8220;default&#8220; theme_builder_area=&#8220;post_content&#8220; open=&#8220;off&#8220; hover_enabled=&#8220;0&#8243; sticky_enabled=&#8220;0&#8243;]<\/p>\n<p><span>Durchf\u00fchrung von Energieaudits und Beratung zu Ma\u00dfnahmen, um die Energieeffizienz in Unternehmen zu verbessern.<\/span><\/p>\n<p>[\/et_pb_accordion_item][et_pb_accordion_item title=&#8220;\u2022 Risikomanagement und Nachhaltigkeit&#8220; _builder_version=&#8220;4.23.1&#8243; _module_preset=&#8220;default&#8220; theme_builder_area=&#8220;post_content&#8220; open=&#8220;off&#8220; hover_enabled=&#8220;0&#8243; sticky_enabled=&#8220;0&#8243;]<\/p>\n<p><span>Beratung zur Minimierung von Risiken und zur Steigerung der betrieblichen Resilienz durch den Einsatz nachhaltiger Energietechnologien.<\/span><\/p>\n<p>[\/et_pb_accordion_item][et_pb_accordion_item title=&#8220;\u2022 Schulungen und Workshops&#8220; _builder_version=&#8220;4.23.1&#8243; _module_preset=&#8220;default&#8220; theme_builder_area=&#8220;post_content&#8220; open=&#8220;off&#8220; hover_enabled=&#8220;0&#8243; sticky_enabled=&#8220;0&#8243;]<\/p>\n<p><span>Angebot von Schulungen und Workshops f\u00fcr Mitarbeiter, um das Bewusstsein f\u00fcr nachhaltige Praktiken zu f\u00f6rdern und Know-how zu vermitteln.<\/span><\/p>\n<p>[\/et_pb_accordion_item][et_pb_accordion_item title=&#8220;\u2022 Innovationsberatung:&#8220; _builder_version=&#8220;4.23.1&#8243; _module_preset=&#8220;default&#8220; theme_builder_area=&#8220;post_content&#8220; open=&#8220;off&#8220; hover_enabled=&#8220;0&#8243; sticky_enabled=&#8220;0&#8243;]<\/p>\n<p><span>Unterst\u00fctzung bei der Identifizierung und Implementierung innovativer Technologien und Praktiken im Bereich der erneuerbaren Energien.<\/span><\/p>\n<p>[\/et_pb_accordion_item][et_pb_accordion_item title=&#8220;\u2022 Fuhrparkmanagement mit Fokus auf E-Mobilit\u00e4t&#8220; _builder_version=&#8220;4.23.1&#8243; _module_preset=&#8220;default&#8220; theme_builder_area=&#8220;post_content&#8220; open=&#8220;off&#8220; hover_enabled=&#8220;0&#8243; sticky_enabled=&#8220;0&#8243;]<\/p>\n<ul>\n<li>\n<p><strong>Beratung zur Umstellung auf Elektrofahrzeuge<\/strong>: Unterst\u00fctzung bei der Analyse des aktuellen Fuhrparks und Planung der schrittweisen Umstellung auf E-Fahrzeuge, inklusive Kosten-Nutzen-Analyse.<\/p>\n<\/li>\n<li>\n<p><strong>Ladeinfrastruktur und Energiemanagement<\/strong>: Beratung zur Implementierung und Optimierung einer geeigneten Ladeinfrastruktur f\u00fcr Elektrofahrzeuge, einschlie\u00dflich intelligentem Energiemanagement und Nutzung regenerativer Energiequellen.<\/p>\n<\/li>\n<li>\n<p><strong>Nachhaltigkeitsaspekte und CO2-Bilanzierung<\/strong>: Unterst\u00fctzung bei der Berechnung der CO2-Einsparungen durch den Einsatz von E-Autos und der Integration dieser Daten in die Nachhaltigkeitsberichterstattung des Unternehmens.<\/p>\n<\/li>\n<li>\n<p><strong>F\u00f6rderungen und finanzielle Anreize<\/strong>: Beratung zu aktuellen F\u00f6rderprogrammen und finanziellen Anreizen f\u00fcr den Einsatz von Elektrofahrzeugen im Unternehmensfuhrpark.<\/p>\n<\/li>\n<li>\n<p><strong>Fahrertraining und Akzeptanz<\/strong>: Organisation von Schulungen f\u00fcr Fahrer zur effizienten Nutzung von E-Fahrzeugen und zur F\u00f6rderung der Akzeptanz innerhalb des Unternehmens.<\/p>\n<\/li>\n<\/ul>\n<p>[\/et_pb_accordion_item][\/et_pb_accordion][\/et_pb_column][\/et_pb_row][\/et_pb_section]<\/p>\n","protected":false},"excerpt":{"rendered":"<p>Nachhaltige Energien Auf dieser Seite konzentrieren wir uns auf das essentielle Thema nachhaltige Energien im Unternehmenskontext. Meine Beratung umfasst effiziente Strategien und praktische L\u00f6sungen, um Ihr Unternehmen energieeffizienter und umweltfreundlicher zu gestalten. Dabei betrachten wir auch spezielle Aspekte wie das Management von E-Fuhrparks als integralen Bestandteil einer umfassenden Nachhaltigkeitsstrategie. Entdecken Sie mit uns Wege, wie [&hellip;]<\/p>\n","protected":false},"author":2,"featured_media":0,"parent":0,"menu_order":0,"comment_status":"closed","ping_status":"closed","template":"","meta":{"_et_pb_use_builder":"on","_et_pb_old_content":"<!-- wp:divi\/placeholder \/-->","_et_gb_content_width":"","_themeisle_gutenberg_block_has_review":false,"footnotes":""},"class_list":["post-731","page","type-page","status-publish","hentry"],"yoast_head":"<!-- This site is optimized with the Yoast SEO plugin v27.3 - https:\/\/yoast.com\/product\/yoast-seo-wordpress\/ -->\n<title>Nachhaltige Energien - Shaping Strategy<\/title>\n<meta name=\"robots\" content=\"index, follow, max-snippet:-1, max-image-preview:large, max-video-preview:-1\" \/>\n<link rel=\"canonical\" href=\"https:\/\/publicmediagmbh.de\/en\/nachhaltige-energien-2\/\" \/>\n<meta property=\"og:locale\" content=\"en_US\" \/>\n<meta property=\"og:type\" content=\"article\" \/>\n<meta property=\"og:title\" content=\"Nachhaltige Energien - Shaping Strategy\" \/>\n<meta property=\"og:description\" content=\"Nachhaltige Energien Auf dieser Seite konzentrieren wir uns auf das essentielle Thema nachhaltige Energien im Unternehmenskontext. Meine Beratung umfasst effiziente Strategien und praktische L\u00f6sungen, um Ihr Unternehmen energieeffizienter und umweltfreundlicher zu gestalten. Dabei betrachten wir auch spezielle Aspekte wie das Management von E-Fuhrparks als integralen Bestandteil einer umfassenden Nachhaltigkeitsstrategie. Entdecken Sie mit uns Wege, wie [&hellip;]\" \/>\n<meta property=\"og:url\" content=\"https:\/\/publicmediagmbh.de\/en\/nachhaltige-energien-2\/\" \/>\n<meta property=\"og:site_name\" content=\"Shaping Strategy\" \/>\n<meta property=\"article:publisher\" content=\"https:\/\/www.facebook.com\/ShapingStrategy\/\" \/>\n<meta property=\"article:modified_time\" content=\"2023-11-17T15:24:01+00:00\" \/>\n<meta name=\"twitter:card\" content=\"summary_large_image\" \/>\n<script type=\"application\/ld+json\" class=\"yoast-schema-graph\">{\"@context\":\"https:\\\/\\\/schema.org\",\"@graph\":[{\"@type\":\"WebPage\",\"@id\":\"https:\\\/\\\/publicmediagmbh.de\\\/nachhaltige-energien-2\\\/\",\"url\":\"https:\\\/\\\/publicmediagmbh.de\\\/nachhaltige-energien-2\\\/\",\"name\":\"Nachhaltige Energien - Shaping Strategy\",\"isPartOf\":{\"@id\":\"https:\\\/\\\/publicmediagmbh.de\\\/#website\"},\"datePublished\":\"2023-11-17T14:23:50+00:00\",\"dateModified\":\"2023-11-17T15:24:01+00:00\",\"breadcrumb\":{\"@id\":\"https:\\\/\\\/publicmediagmbh.de\\\/nachhaltige-energien-2\\\/#breadcrumb\"},\"inLanguage\":\"en-US\",\"potentialAction\":[{\"@type\":\"ReadAction\",\"target\":[\"https:\\\/\\\/publicmediagmbh.de\\\/nachhaltige-energien-2\\\/\"]}]},{\"@type\":\"BreadcrumbList\",\"@id\":\"https:\\\/\\\/publicmediagmbh.de\\\/nachhaltige-energien-2\\\/#breadcrumb\",\"itemListElement\":[{\"@type\":\"ListItem\",\"position\":1,\"name\":\"Home\",\"item\":\"https:\\\/\\\/publicmediagmbh.de\\\/\"},{\"@type\":\"ListItem\",\"position\":2,\"name\":\"Nachhaltige Energien\"}]},{\"@type\":\"WebSite\",\"@id\":\"https:\\\/\\\/publicmediagmbh.de\\\/#website\",\"url\":\"https:\\\/\\\/publicmediagmbh.de\\\/\",\"name\":\"Shaping Strategy\",\"description\":\"Individuelle L&ouml;sungen f&uuml;r Unternehmen.\",\"publisher\":{\"@id\":\"https:\\\/\\\/publicmediagmbh.de\\\/#organization\"},\"potentialAction\":[{\"@type\":\"SearchAction\",\"target\":{\"@type\":\"EntryPoint\",\"urlTemplate\":\"https:\\\/\\\/publicmediagmbh.de\\\/?s={search_term_string}\"},\"query-input\":{\"@type\":\"PropertyValueSpecification\",\"valueRequired\":true,\"valueName\":\"search_term_string\"}}],\"inLanguage\":\"en-US\"},{\"@type\":\"Organization\",\"@id\":\"https:\\\/\\\/publicmediagmbh.de\\\/#organization\",\"name\":\"Shaping Strategy\",\"url\":\"https:\\\/\\\/publicmediagmbh.de\\\/\",\"logo\":{\"@type\":\"ImageObject\",\"inLanguage\":\"en-US\",\"@id\":\"https:\\\/\\\/publicmediagmbh.de\\\/#\\\/schema\\\/logo\\\/image\\\/\",\"url\":\"https:\\/\\/publicmediagmbh.de\\/wp-content\\/uploads\\/2023\\/07\\/Logo-Shaping-Strategy-500-\u00d7-80-px-1.png\",\"contentUrl\":\"https:\\/\\/publicmediagmbh.de\\/wp-content\\/uploads\\/2023\\/07\\/Logo-Shaping-Strategy-500-\u00d7-80-px-1.png\",\"width\":500,\"height\":70,\"caption\":\"Shaping Strategy\"},\"image\":{\"@id\":\"https:\\\/\\\/publicmediagmbh.de\\\/#\\\/schema\\\/logo\\\/image\\\/\"},\"sameAs\":[\"https:\\\/\\\/www.facebook.com\\\/ShapingStrategy\\\/\",\"https:\\\/\\\/www.linkedin.com\\\/in\\\/hans-kexel-shapingstrategy\\\/\",\"https:\\\/\\\/www.linkedin.com\\\/company\\\/shaping-strategy\"]}]}<\/script>\n<!-- \/ Yoast SEO plugin. -->","yoast_head_json":{"title":"Nachhaltige Energien - Shaping Strategy","robots":{"index":"index","follow":"follow","max-snippet":"max-snippet:-1","max-image-preview":"max-image-preview:large","max-video-preview":"max-video-preview:-1"},"canonical":"https:\/\/publicmediagmbh.de\/en\/nachhaltige-energien-2\/","og_locale":"en_US","og_type":"article","og_title":"Nachhaltige Energien - Shaping Strategy","og_description":"Nachhaltige Energien Auf dieser Seite konzentrieren wir uns auf das essentielle Thema nachhaltige Energien im Unternehmenskontext. Meine Beratung umfasst effiziente Strategien und praktische L\u00f6sungen, um Ihr Unternehmen energieeffizienter und umweltfreundlicher zu gestalten. Dabei betrachten wir auch spezielle Aspekte wie das Management von E-Fuhrparks als integralen Bestandteil einer umfassenden Nachhaltigkeitsstrategie. Entdecken Sie mit uns Wege, wie [&hellip;]","og_url":"https:\/\/publicmediagmbh.de\/en\/nachhaltige-energien-2\/","og_site_name":"Shaping Strategy","article_publisher":"https:\/\/www.facebook.com\/ShapingStrategy\/","article_modified_time":"2023-11-17T15:24:01+00:00","twitter_card":"summary_large_image","schema":{"@context":"https:\/\/schema.org","@graph":[{"@type":"WebPage","@id":"https:\/\/publicmediagmbh.de\/nachhaltige-energien-2\/","url":"https:\/\/publicmediagmbh.de\/nachhaltige-energien-2\/","name":"Nachhaltige Energien - Shaping Strategy","isPartOf":{"@id":"https:\/\/publicmediagmbh.de\/#website"},"datePublished":"2023-11-17T14:23:50+00:00","dateModified":"2023-11-17T15:24:01+00:00","breadcrumb":{"@id":"https:\/\/publicmediagmbh.de\/nachhaltige-energien-2\/#breadcrumb"},"inLanguage":"en-US","potentialAction":[{"@type":"ReadAction","target":["https:\/\/publicmediagmbh.de\/nachhaltige-energien-2\/"]}]},{"@type":"BreadcrumbList","@id":"https:\/\/publicmediagmbh.de\/nachhaltige-energien-2\/#breadcrumb","itemListElement":[{"@type":"ListItem","position":1,"name":"Home","item":"https:\/\/publicmediagmbh.de\/"},{"@type":"ListItem","position":2,"name":"Nachhaltige Energien"}]},{"@type":"WebSite","@id":"https:\/\/publicmediagmbh.de\/#website","url":"https:\/\/publicmediagmbh.de\/","name":"Shaping Strategy","description":"Individual solutions for companies.","publisher":{"@id":"https:\/\/publicmediagmbh.de\/#organization"},"potentialAction":[{"@type":"SearchAction","target":{"@type":"EntryPoint","urlTemplate":"https:\/\/publicmediagmbh.de\/?s={search_term_string}"},"query-input":{"@type":"PropertyValueSpecification","valueRequired":true,"valueName":"search_term_string"}}],"inLanguage":"en-US"},{"@type":"Organization","@id":"https:\/\/publicmediagmbh.de\/#organization","name":"Shaping Strategy","url":"https:\/\/publicmediagmbh.de\/","logo":{"@type":"ImageObject","inLanguage":"en-US","@id":"https:\/\/publicmediagmbh.de\/#\/schema\/logo\/image\/","url":"https:\/\/mludomnvuuqf.i.optimole.com\/w:auto\/h:auto\/q:mauto\/f:best\/https:\/\/publicmediagmbh.de\/wp-content\/uploads\/2023\/07\/Logo-Shaping-Strategy-500-×-80-px-1.png","contentUrl":"https:\/\/mludomnvuuqf.i.optimole.com\/w:auto\/h:auto\/q:mauto\/f:best\/https:\/\/publicmediagmbh.de\/wp-content\/uploads\/2023\/07\/Logo-Shaping-Strategy-500-×-80-px-1.png","width":500,"height":70,"caption":"Shaping Strategy"},"image":{"@id":"https:\/\/publicmediagmbh.de\/#\/schema\/logo\/image\/"},"sameAs":["https:\/\/www.facebook.com\/ShapingStrategy\/","https:\/\/www.linkedin.com\/in\/hans-kexel-shapingstrategy\/","https:\/\/www.linkedin.com\/company\/shaping-strategy"]}]}},"_links":{"self":[{"href":"https:\/\/publicmediagmbh.de\/en\/wp-json\/wp\/v2\/pages\/731","targetHints":{"allow":["GET"]}}],"collection":[{"href":"https:\/\/publicmediagmbh.de\/en\/wp-json\/wp\/v2\/pages"}],"about":[{"href":"https:\/\/publicmediagmbh.de\/en\/wp-json\/wp\/v2\/types\/page"}],"author":[{"embeddable":true,"href":"https:\/\/publicmediagmbh.de\/en\/wp-json\/wp\/v2\/users\/2"}],"replies":[{"embeddable":true,"href":"https:\/\/publicmediagmbh.de\/en\/wp-json\/wp\/v2\/comments?post=731"}],"version-history":[{"count":13,"href":"https:\/\/publicmediagmbh.de\/en\/wp-json\/wp\/v2\/pages\/731\/revisions"}],"predecessor-version":[{"id":750,"href":"https:\/\/publicmediagmbh.de\/en\/wp-json\/wp\/v2\/pages\/731\/revisions\/750"}],"wp:attachment":[{"href":"https:\/\/publicmediagmbh.de\/en\/wp-json\/wp\/v2\/media?parent=731"}],"curies":[{"name":"wp","href":"https:\/\/api.w.org\/{rel}","templated":true}]}}