{"id":768,"date":"2023-11-19T15:18:27","date_gmt":"2023-11-19T15:18:27","guid":{"rendered":"https:\/\/publicmediagmbh.de\/?page_id=768"},"modified":"2023-11-19T15:51:27","modified_gmt":"2023-11-19T15:51:27","slug":"changemanagment","status":"publish","type":"page","link":"https:\/\/publicmediagmbh.de\/en\/changemanagment\/","title":{"rendered":"ChangeManagment"},"content":{"rendered":"<p>[et_pb_section fb_built=&#8220;1&#8243; _builder_version=&#8220;4.23.1&#8243; _module_preset=&#8220;default&#8220; custom_padding=&#8220;24px||10px|||&#8220; global_colors_info=&#8220;{}&#8220;][et_pb_row column_structure=&#8220;2_5,3_5&#8243; _builder_version=&#8220;4.23.1&#8243; _module_preset=&#8220;default&#8220; global_colors_info=&#8220;{}&#8220;][et_pb_column type=&#8220;2_5&#8243; _builder_version=&#8220;4.23.1&#8243; _module_preset=&#8220;default&#8220; global_colors_info=&#8220;{}&#8220;][et_pb_image src=&#8220;https:\/\/mludomnvuuqf.i.optimole.com\/w:auto\/h:auto\/q:mauto\/f:best\/https:\/\/publicmediagmbh.de\/wp-content\/uploads\/2023\/11\/Change-managment.webp&#8220; title_text=&#8220;Change managment&#8220; _builder_version=&#8220;4.23.1&#8243; _module_preset=&#8220;default&#8220; width=&#8220;63%&#8220; max_width=&#8220;63%&#8220; border_radii=&#8220;on|19px|19px|19px|19px&#8220; global_colors_info=&#8220;{}&#8220;][\/et_pb_image][\/et_pb_column][et_pb_column type=&#8220;3_5&#8243; _builder_version=&#8220;4.23.1&#8243; _module_preset=&#8220;default&#8220; global_colors_info=&#8220;{}&#8220;][et_pb_text _builder_version=&#8220;4.23.1&#8243; _module_preset=&#8220;default&#8220; text_font=&#8220;poli_new_light||||||||&#8220; text_font_size=&#8220;22px&#8220; text_line_height=&#8220;1.8em&#8220; header_font=&#8220;poli_new||||||||&#8220; hover_enabled=&#8220;0&#8243; global_colors_info=&#8220;{}&#8220; sticky_enabled=&#8220;0&#8243;]<\/p>\n<h1><span>Change Management &amp; Turnaround Management<\/span><\/h1>\n<p><span>In der dynamischen Gesch\u00e4ftswelt von heute ist effektives Change Management entscheidend f\u00fcr den langfristigen Erfolg. Bei Shaping Strategy biete ich ma\u00dfgeschneiderte L\u00f6sungen, um Ihr Unternehmen durch Ver\u00e4nderungsprozesse zu leiten und organisatorische Anpassungen reibungslos umzusetzen. Im Bereich Turnaround Management spezialisiere ich mich darauf, Unternehmen in kritischen Phasen strategisch neu auszurichten, um nachhaltige Profitabilit\u00e4t und Wachstum zu sichern, und helfe Ihnen dabei, Krisen nicht nur zu meistern, sondern als Chance f\u00fcr eine Neuausrichtung und St\u00e4rkung Ihres Unternehmens zu nutzen.<\/span><\/p>\n<p>[\/et_pb_text][\/et_pb_column][\/et_pb_row][et_pb_row _builder_version=&#8220;4.23.1&#8243; _module_preset=&#8220;default&#8220; custom_padding=&#8220;12px||8px|0px|false|false&#8220; border_width_all=&#8220;1px&#8220; custom_margin=&#8220;0px|||152px|false|false&#8220; hover_enabled=&#8220;0&#8243; sticky_enabled=&#8220;0&#8243;][et_pb_column _builder_version=&#8220;4.23.1&#8243; _module_preset=&#8220;default&#8220; type=&#8220;4_4&#8243;][et_pb_blurb title=&#8220;Fachkraft f\u00fcr Change Management (IHK)&#8220; image=&#8220;https:\/\/mludomnvuuqf.i.optimole.com\/w:auto\/h:auto\/q:mauto\/f:best\/ig:avif\/https:\/\/publicmediagmbh.de\/wp-content\/uploads\/2023\/11\/IHK-logo.svg&#8220; _builder_version=&#8220;4.23.1&#8243; _module_preset=&#8220;default&#8220; icon_placement=&#8220;left&#8220; title_text=&#8220;IHK-logo&#8220; image_icon_width=&#8220;116%&#8220; image_icon_custom_margin=&#8220;|||0px|false|false&#8220; content_max_width=&#8220;1100px&#8220; hover_enabled=&#8220;0&#8243; sticky_enabled=&#8220;0&#8243; header_font=&#8220;poli_new|700|||||||&#8220; header_text_color=&#8220;#0a0a0a&#8220; header_font_size=&#8220;21px&#8220; body_font=&#8220;poli_new_light||||||||&#8220;]<\/p>\n<p><span>Meine Expertise im Bereich Change Management basiert nicht nur auf 35 Jahren umfangreicher Erfahrung in der freien Wirtschaft, sondern wird auch durch ein spezialisiertes IHK-Zertifikat als &#8218;Fachkraft f\u00fcr Change Management&#8216; gest\u00e4rkt. Der von der IHK <\/span><span>angebotene Lehrgang hat mein Wissen vertieft und aktualisiert, indem er mir neueste Methoden und Strategien im Change Management vermittelt hat. Diese Kombination aus theoretischem Fachwissen und praktischer Erfahrung erm\u00f6glicht es mir, ma\u00dfgeschneiderte, innovative L\u00f6sungen f\u00fcr die Herausforderungen des Wandels in Ihrem Unternehmen zu entwickeln. Mein Ziel ist es, Sie nicht nur durch Ver\u00e4nderungsprozesse zu f\u00fchren, sondern auch nachhaltige und positive Ver\u00e4nderungen zu etablieren, die den langfristigen Erfolg Ihres Unternehmens sichern.&#8220;<\/span><\/p>\n<p>[\/et_pb_blurb][\/et_pb_column][\/et_pb_row][\/et_pb_section][et_pb_section fb_built=&#8220;1&#8243; _builder_version=&#8220;4.23.1&#8243; _module_preset=&#8220;default&#8220; background_color=&#8220;#2BC4A9&#8243; global_colors_info=&#8220;{}&#8220;][et_pb_row _builder_version=&#8220;4.23.1&#8243; _module_preset=&#8220;default&#8220; global_colors_info=&#8220;{}&#8220;][et_pb_column type=&#8220;4_4&#8243; _builder_version=&#8220;4.23.1&#8243; _module_preset=&#8220;default&#8220; global_colors_info=&#8220;{}&#8220;][et_pb_text _builder_version=&#8220;4.23.1&#8243; _module_preset=&#8220;default&#8220; text_font=&#8220;poli_new||||||||&#8220; text_font_size=&#8220;26px&#8220; global_colors_info=&#8220;{}&#8220;]<\/p>\n<p><span>Mein\u00a0<\/span><span>branchen\u00fcbergreifendes\u00a0<\/span><span>Beratungsangebot:<\/span><\/p>\n<p>[\/et_pb_text][et_pb_accordion open_toggle_background_color=&#8220;#2BC4A9&#8243; closed_toggle_text_color=&#8220;#0a0a0a&#8220; closed_toggle_background_color=&#8220;#62c4b2&#8243; icon_color=&#8220;#140202&#8243; use_icon_font_size=&#8220;on&#8220; icon_font_size=&#8220;34px&#8220; _builder_version=&#8220;4.23.1&#8243; _module_preset=&#8220;default&#8220; toggle_font=&#8220;poli_new||||||||&#8220; toggle_font_size=&#8220;22px&#8220; closed_toggle_font=&#8220;poli_new||||||||&#8220; closed_toggle_font_size=&#8220;22px&#8220; body_font=&#8220;poli_new_light||||||||&#8220; background_color=&#8220;#2BC4A9&#8243; custom_margin=&#8220;-1px||||false|false&#8220; custom_padding=&#8220;8px||||false|false&#8220; hover_enabled=&#8220;0&#8243; border_radii=&#8220;on|19px|19px|19px|19px&#8220; border_width_all=&#8220;2px&#8220; global_colors_info=&#8220;{}&#8220; sticky_enabled=&#8220;0&#8243;][et_pb_accordion_item title=&#8220;\u2022 Organisationsdiagnostik&#8220; _builder_version=&#8220;4.23.1&#8243; _module_preset=&#8220;default&#8220; hover_enabled=&#8220;0&#8243; global_colors_info=&#8220;{}&#8220; open=&#8220;off&#8220; sticky_enabled=&#8220;0&#8243;]<\/p>\n<ul>\n<li style=\"list-style-type: none;\">\n<ul>\n<li>Analyse der Unternehmenskultur und -strukturen<\/li>\n<li>Bewertung der Bereitschaft f\u00fcr Ver\u00e4nderungen<\/li>\n<li>Identifikation von Verbesserungspotenzialen<\/li>\n<\/ul>\n<\/li>\n<\/ul>\n<p>[\/et_pb_accordion_item][et_pb_accordion_item title=&#8220;\u2022 Strategieentwicklung und Planung&#8220; _builder_version=&#8220;4.23.1&#8243; _module_preset=&#8220;default&#8220; hover_enabled=&#8220;0&#8243; global_colors_info=&#8220;{}&#8220; open=&#8220;on&#8220; sticky_enabled=&#8220;0&#8243;]<\/p>\n<ul>\n<li style=\"list-style-type: none;\">\n<ul>\n<li>Entwicklung von Visionen und Strategien f\u00fcr den Wandel<\/li>\n<li>Erstellung von Roadmaps f\u00fcr Change- und Turnaround-Prozesse<\/li>\n<li>Planung von kurz-, mittel- und langfristigen Zielen<\/li>\n<\/ul>\n<\/li>\n<\/ul>\n<p>[\/et_pb_accordion_item][et_pb_accordion_item title=&#8220;\u2022 Dienstleistungen im Change Management&#8220; open=&#8220;off&#8220; _builder_version=&#8220;4.23.1&#8243; _module_preset=&#8220;default&#8220; hover_enabled=&#8220;0&#8243; global_colors_info=&#8220;{}&#8220; sticky_enabled=&#8220;0&#8243;]<\/p>\n<ul>\n<li style=\"list-style-type: none;\">\n<ul>\n<li>Strategieentwicklung f\u00fcr Ver\u00e4nderungsprozesse<\/li>\n<li>Unterst\u00fctzung bei der Implementierung von Ver\u00e4nderungsma\u00dfnahmen<\/li>\n<li>Schulungen und Workshops f\u00fcr F\u00fchrungskr\u00e4fte und Mitarbeiter<\/li>\n<li>Change-Kommunikation und Konfliktmanagement<\/li>\n<\/ul>\n<\/li>\n<\/ul>\n<p>[\/et_pb_accordion_item][et_pb_accordion_item title=&#8220;\u2022 Dienstleistungen im Turnaround Management&#8220; _builder_version=&#8220;4.23.1&#8243; _module_preset=&#8220;default&#8220; hover_enabled=&#8220;0&#8243; global_colors_info=&#8220;{}&#8220; open=&#8220;off&#8220; sticky_enabled=&#8220;0&#8243;]<\/p>\n<ul>\n<li style=\"list-style-type: none;\">\n<ul>\n<li>Krisendiagnose und Risikobewertung<\/li>\n<li>Entwicklung und Umsetzung von Sanierungsstrategien<\/li>\n<li>Finanzielle Restrukturierung und Kostenmanagement<\/li>\n<li>Begleitung bei der Neuausrichtung von Gesch\u00e4ftsprozessen<\/li>\n<\/ul>\n<\/li>\n<\/ul>\n<p>[\/et_pb_accordion_item][et_pb_accordion_item title=&#8220;\u2022 Leadership Coaching und Training&#8220; _builder_version=&#8220;4.23.1&#8243; _module_preset=&#8220;default&#8220; hover_enabled=&#8220;0&#8243; global_colors_info=&#8220;{}&#8220; open=&#8220;off&#8220; sticky_enabled=&#8220;0&#8243;]<\/p>\n<ul>\n<li style=\"list-style-type: none;\">\n<ul>\n<li>Entwicklung von F\u00fchrungskompetenzen f\u00fcr Change-Prozesse<\/li>\n<li>Schulungen f\u00fcr effektive Teamf\u00fchrung in Ver\u00e4nderungsphasen<\/li>\n<li>Coaching von F\u00fchrungskr\u00e4ften in Krisensituationen<\/li>\n<\/ul>\n<\/li>\n<\/ul>\n<p>[\/et_pb_accordion_item][et_pb_accordion_item title=&#8220;\u2022 Krisenmanagement und Notfallplanung&#8220; _builder_version=&#8220;4.23.1&#8243; _module_preset=&#8220;default&#8220; hover_enabled=&#8220;0&#8243; global_colors_info=&#8220;{}&#8220; open=&#8220;off&#8220; sticky_enabled=&#8220;0&#8243;]<\/p>\n<ul>\n<li style=\"list-style-type: none;\">\n<ul>\n<li>Entwicklung von Krisenbew\u00e4ltigungsstrategien<\/li>\n<li>Erstellung und Umsetzung von Notfallpl\u00e4nen<\/li>\n<li>Risikomanagement und Pr\u00e4vention<\/li>\n<\/ul>\n<\/li>\n<\/ul>\n<p>[\/et_pb_accordion_item][et_pb_accordion_item title=&#8220;\u2022 Nachhaltige Implementierung und Follow-up&#8220; _builder_version=&#8220;4.23.1&#8243; _module_preset=&#8220;default&#8220; hover_enabled=&#8220;0&#8243; global_colors_info=&#8220;{}&#8220; open=&#8220;off&#8220; sticky_enabled=&#8220;0&#8243;]<\/p>\n<ul>\n<li style=\"list-style-type: none;\">\n<ul>\n<li>Unterst\u00fctzung bei der Umsetzung von Change- und Turnaround-Ma\u00dfnahmen<\/li>\n<li>Laufende Bewertung und Anpassung der Strategien<\/li>\n<li>Langfristige Begleitung und Erfolgskontrolle<\/li>\n<\/ul>\n<\/li>\n<\/ul>\n<p>[\/et_pb_accordion_item][\/et_pb_accordion][\/et_pb_column][\/et_pb_row][\/et_pb_section]<\/p>\n","protected":false},"excerpt":{"rendered":"<p>Change Management &amp; Turnaround Management In der dynamischen Gesch\u00e4ftswelt von heute ist effektives Change Management entscheidend f\u00fcr den langfristigen Erfolg. Bei Shaping Strategy biete ich ma\u00dfgeschneiderte L\u00f6sungen, um Ihr Unternehmen durch Ver\u00e4nderungsprozesse zu leiten und organisatorische Anpassungen reibungslos umzusetzen. Im Bereich Turnaround Management spezialisiere ich mich darauf, Unternehmen in kritischen Phasen strategisch neu auszurichten, um [&hellip;]<\/p>\n","protected":false},"author":2,"featured_media":0,"parent":0,"menu_order":0,"comment_status":"closed","ping_status":"closed","template":"","meta":{"_et_pb_use_builder":"on","_et_pb_old_content":"","_et_gb_content_width":"","_themeisle_gutenberg_block_has_review":false,"footnotes":""},"class_list":["post-768","page","type-page","status-publish","hentry"],"yoast_head":"<!-- This site is optimized with the Yoast SEO plugin v27.3 - https:\/\/yoast.com\/product\/yoast-seo-wordpress\/ -->\n<title>ChangeManagment - Shaping Strategy<\/title>\n<meta name=\"robots\" content=\"index, follow, max-snippet:-1, max-image-preview:large, max-video-preview:-1\" \/>\n<link rel=\"canonical\" href=\"https:\/\/publicmediagmbh.de\/en\/changemanagment\/\" \/>\n<meta property=\"og:locale\" content=\"en_US\" \/>\n<meta property=\"og:type\" content=\"article\" \/>\n<meta property=\"og:title\" content=\"ChangeManagment - Shaping Strategy\" \/>\n<meta property=\"og:description\" content=\"Change Management &amp; Turnaround Management In der dynamischen Gesch\u00e4ftswelt von heute ist effektives Change Management entscheidend f\u00fcr den langfristigen Erfolg. Bei Shaping Strategy biete ich ma\u00dfgeschneiderte L\u00f6sungen, um Ihr Unternehmen durch Ver\u00e4nderungsprozesse zu leiten und organisatorische Anpassungen reibungslos umzusetzen. Im Bereich Turnaround Management spezialisiere ich mich darauf, Unternehmen in kritischen Phasen strategisch neu auszurichten, um [&hellip;]\" \/>\n<meta property=\"og:url\" content=\"https:\/\/publicmediagmbh.de\/en\/changemanagment\/\" \/>\n<meta property=\"og:site_name\" content=\"Shaping Strategy\" \/>\n<meta property=\"article:publisher\" content=\"https:\/\/www.facebook.com\/ShapingStrategy\/\" \/>\n<meta property=\"article:modified_time\" content=\"2023-11-19T15:51:27+00:00\" \/>\n<meta name=\"twitter:card\" content=\"summary_large_image\" \/>\n<script type=\"application\/ld+json\" class=\"yoast-schema-graph\">{\"@context\":\"https:\\\/\\\/schema.org\",\"@graph\":[{\"@type\":\"WebPage\",\"@id\":\"https:\\\/\\\/publicmediagmbh.de\\\/changemanagment\\\/\",\"url\":\"https:\\\/\\\/publicmediagmbh.de\\\/changemanagment\\\/\",\"name\":\"ChangeManagment - Shaping Strategy\",\"isPartOf\":{\"@id\":\"https:\\\/\\\/publicmediagmbh.de\\\/#website\"},\"datePublished\":\"2023-11-19T15:18:27+00:00\",\"dateModified\":\"2023-11-19T15:51:27+00:00\",\"breadcrumb\":{\"@id\":\"https:\\\/\\\/publicmediagmbh.de\\\/changemanagment\\\/#breadcrumb\"},\"inLanguage\":\"en-US\",\"potentialAction\":[{\"@type\":\"ReadAction\",\"target\":[\"https:\\\/\\\/publicmediagmbh.de\\\/changemanagment\\\/\"]}]},{\"@type\":\"BreadcrumbList\",\"@id\":\"https:\\\/\\\/publicmediagmbh.de\\\/changemanagment\\\/#breadcrumb\",\"itemListElement\":[{\"@type\":\"ListItem\",\"position\":1,\"name\":\"Home\",\"item\":\"https:\\\/\\\/publicmediagmbh.de\\\/\"},{\"@type\":\"ListItem\",\"position\":2,\"name\":\"ChangeManagment\"}]},{\"@type\":\"WebSite\",\"@id\":\"https:\\\/\\\/publicmediagmbh.de\\\/#website\",\"url\":\"https:\\\/\\\/publicmediagmbh.de\\\/\",\"name\":\"Shaping Strategy\",\"description\":\"Individuelle L&ouml;sungen f&uuml;r Unternehmen.\",\"publisher\":{\"@id\":\"https:\\\/\\\/publicmediagmbh.de\\\/#organization\"},\"potentialAction\":[{\"@type\":\"SearchAction\",\"target\":{\"@type\":\"EntryPoint\",\"urlTemplate\":\"https:\\\/\\\/publicmediagmbh.de\\\/?s={search_term_string}\"},\"query-input\":{\"@type\":\"PropertyValueSpecification\",\"valueRequired\":true,\"valueName\":\"search_term_string\"}}],\"inLanguage\":\"en-US\"},{\"@type\":\"Organization\",\"@id\":\"https:\\\/\\\/publicmediagmbh.de\\\/#organization\",\"name\":\"Shaping Strategy\",\"url\":\"https:\\\/\\\/publicmediagmbh.de\\\/\",\"logo\":{\"@type\":\"ImageObject\",\"inLanguage\":\"en-US\",\"@id\":\"https:\\\/\\\/publicmediagmbh.de\\\/#\\\/schema\\\/logo\\\/image\\\/\",\"url\":\"https:\\/\\/publicmediagmbh.de\\/wp-content\\/uploads\\/2023\\/07\\/Logo-Shaping-Strategy-500-\u00d7-80-px-1.png\",\"contentUrl\":\"https:\\/\\/publicmediagmbh.de\\/wp-content\\/uploads\\/2023\\/07\\/Logo-Shaping-Strategy-500-\u00d7-80-px-1.png\",\"width\":500,\"height\":70,\"caption\":\"Shaping Strategy\"},\"image\":{\"@id\":\"https:\\\/\\\/publicmediagmbh.de\\\/#\\\/schema\\\/logo\\\/image\\\/\"},\"sameAs\":[\"https:\\\/\\\/www.facebook.com\\\/ShapingStrategy\\\/\",\"https:\\\/\\\/www.linkedin.com\\\/in\\\/hans-kexel-shapingstrategy\\\/\",\"https:\\\/\\\/www.linkedin.com\\\/company\\\/shaping-strategy\"]}]}<\/script>\n<!-- \/ Yoast SEO plugin. -->","yoast_head_json":{"title":"ChangeManagment - Shaping Strategy","robots":{"index":"index","follow":"follow","max-snippet":"max-snippet:-1","max-image-preview":"max-image-preview:large","max-video-preview":"max-video-preview:-1"},"canonical":"https:\/\/publicmediagmbh.de\/en\/changemanagment\/","og_locale":"en_US","og_type":"article","og_title":"ChangeManagment - Shaping Strategy","og_description":"Change Management &amp; Turnaround Management In der dynamischen Gesch\u00e4ftswelt von heute ist effektives Change Management entscheidend f\u00fcr den langfristigen Erfolg. Bei Shaping Strategy biete ich ma\u00dfgeschneiderte L\u00f6sungen, um Ihr Unternehmen durch Ver\u00e4nderungsprozesse zu leiten und organisatorische Anpassungen reibungslos umzusetzen. Im Bereich Turnaround Management spezialisiere ich mich darauf, Unternehmen in kritischen Phasen strategisch neu auszurichten, um [&hellip;]","og_url":"https:\/\/publicmediagmbh.de\/en\/changemanagment\/","og_site_name":"Shaping Strategy","article_publisher":"https:\/\/www.facebook.com\/ShapingStrategy\/","article_modified_time":"2023-11-19T15:51:27+00:00","twitter_card":"summary_large_image","schema":{"@context":"https:\/\/schema.org","@graph":[{"@type":"WebPage","@id":"https:\/\/publicmediagmbh.de\/changemanagment\/","url":"https:\/\/publicmediagmbh.de\/changemanagment\/","name":"ChangeManagment - Shaping Strategy","isPartOf":{"@id":"https:\/\/publicmediagmbh.de\/#website"},"datePublished":"2023-11-19T15:18:27+00:00","dateModified":"2023-11-19T15:51:27+00:00","breadcrumb":{"@id":"https:\/\/publicmediagmbh.de\/changemanagment\/#breadcrumb"},"inLanguage":"en-US","potentialAction":[{"@type":"ReadAction","target":["https:\/\/publicmediagmbh.de\/changemanagment\/"]}]},{"@type":"BreadcrumbList","@id":"https:\/\/publicmediagmbh.de\/changemanagment\/#breadcrumb","itemListElement":[{"@type":"ListItem","position":1,"name":"Home","item":"https:\/\/publicmediagmbh.de\/"},{"@type":"ListItem","position":2,"name":"ChangeManagment"}]},{"@type":"WebSite","@id":"https:\/\/publicmediagmbh.de\/#website","url":"https:\/\/publicmediagmbh.de\/","name":"Shaping Strategy","description":"Individual solutions for companies.","publisher":{"@id":"https:\/\/publicmediagmbh.de\/#organization"},"potentialAction":[{"@type":"SearchAction","target":{"@type":"EntryPoint","urlTemplate":"https:\/\/publicmediagmbh.de\/?s={search_term_string}"},"query-input":{"@type":"PropertyValueSpecification","valueRequired":true,"valueName":"search_term_string"}}],"inLanguage":"en-US"},{"@type":"Organization","@id":"https:\/\/publicmediagmbh.de\/#organization","name":"Shaping Strategy","url":"https:\/\/publicmediagmbh.de\/","logo":{"@type":"ImageObject","inLanguage":"en-US","@id":"https:\/\/publicmediagmbh.de\/#\/schema\/logo\/image\/","url":"https:\/\/mludomnvuuqf.i.optimole.com\/w:auto\/h:auto\/q:mauto\/f:best\/https:\/\/publicmediagmbh.de\/wp-content\/uploads\/2023\/07\/Logo-Shaping-Strategy-500-×-80-px-1.png","contentUrl":"https:\/\/mludomnvuuqf.i.optimole.com\/w:auto\/h:auto\/q:mauto\/f:best\/https:\/\/publicmediagmbh.de\/wp-content\/uploads\/2023\/07\/Logo-Shaping-Strategy-500-×-80-px-1.png","width":500,"height":70,"caption":"Shaping Strategy"},"image":{"@id":"https:\/\/publicmediagmbh.de\/#\/schema\/logo\/image\/"},"sameAs":["https:\/\/www.facebook.com\/ShapingStrategy\/","https:\/\/www.linkedin.com\/in\/hans-kexel-shapingstrategy\/","https:\/\/www.linkedin.com\/company\/shaping-strategy"]}]}},"_links":{"self":[{"href":"https:\/\/publicmediagmbh.de\/en\/wp-json\/wp\/v2\/pages\/768","targetHints":{"allow":["GET"]}}],"collection":[{"href":"https:\/\/publicmediagmbh.de\/en\/wp-json\/wp\/v2\/pages"}],"about":[{"href":"https:\/\/publicmediagmbh.de\/en\/wp-json\/wp\/v2\/types\/page"}],"author":[{"embeddable":true,"href":"https:\/\/publicmediagmbh.de\/en\/wp-json\/wp\/v2\/users\/2"}],"replies":[{"embeddable":true,"href":"https:\/\/publicmediagmbh.de\/en\/wp-json\/wp\/v2\/comments?post=768"}],"version-history":[{"count":7,"href":"https:\/\/publicmediagmbh.de\/en\/wp-json\/wp\/v2\/pages\/768\/revisions"}],"predecessor-version":[{"id":781,"href":"https:\/\/publicmediagmbh.de\/en\/wp-json\/wp\/v2\/pages\/768\/revisions\/781"}],"wp:attachment":[{"href":"https:\/\/publicmediagmbh.de\/en\/wp-json\/wp\/v2\/media?parent=768"}],"curies":[{"name":"wp","href":"https:\/\/api.w.org\/{rel}","templated":true}]}}